{"id":105,"date":"2024-09-27T09:46:18","date_gmt":"2024-09-27T08:46:18","guid":{"rendered":"https:\/\/torronsgarciasirvent.es\/?post_type=product&#038;p=105"},"modified":"2025-10-29T19:02:57","modified_gmt":"2025-10-29T18:02:57","slug":"rovells","status":"publish","type":"product","link":"https:\/\/torronsgarciasirvent.es\/en\/rovells\/","title":{"rendered":"Rovells"},"content":{"rendered":"<p>Rovell confitat (rovell d\u2019<strong>OU<\/strong>, sucre, xarop de glucosa, conservador (\u00e0cid s\u00f2rbic), estabilitzant (carboximetilcelulosa de sodi) i acidulant (\u00e1cid c\u00edtric)), sucre i mid\u00f3 de blat de moro. Pot contenir traces de <strong>FRUITS DE CLOSCA, LACTOSA I SOJA. SENSE GLUTEN.<\/strong><\/p>\n<p><em>Conservar en un lloc fresc i sec.(T\u00aa&lt;25\u00baC\/50%RH).<\/em><\/p>\n","protected":false},"excerpt":{"rendered":"<p>Massa de rovell confitat amb un toc de farina d\u2019ametlla, recobert de sucre. SENSE GLUTENInici del formulariFinal del formulari<\/p>\n","protected":false},"featured_media":106,"template":"","meta":[],"product_brand":[],"product_cat":[21,46],"product_tag":[],"class_list":{"0":"post-105","1":"product","2":"type-product","3":"status-publish","4":"has-post-thumbnail","6":"product_cat-massapa","7":"product_cat-sense-gluten","9":"first","10":"outofstock","11":"taxable","12":"shipping-taxable","13":"purchasable","14":"product-type-simple"},"_links":{"self":[{"href":"https:\/\/torronsgarciasirvent.es\/en\/wp-json\/wp\/v2\/product\/105","targetHints":{"allow":["GET"]}}],"collection":[{"href":"https:\/\/torronsgarciasirvent.es\/en\/wp-json\/wp\/v2\/product"}],"about":[{"href":"https:\/\/torronsgarciasirvent.es\/en\/wp-json\/wp\/v2\/types\/product"}],"version-history":[{"count":1,"href":"https:\/\/torronsgarciasirvent.es\/en\/wp-json\/wp\/v2\/product\/105\/revisions"}],"predecessor-version":[{"id":1095,"href":"https:\/\/torronsgarciasirvent.es\/en\/wp-json\/wp\/v2\/product\/105\/revisions\/1095"}],"wp:featuredmedia":[{"embeddable":true,"href":"https:\/\/torronsgarciasirvent.es\/en\/wp-json\/wp\/v2\/media\/106"}],"wp:attachment":[{"href":"https:\/\/torronsgarciasirvent.es\/en\/wp-json\/wp\/v2\/media?parent=105"}],"wp:term":[{"taxonomy":"product_brand","embeddable":true,"href":"https:\/\/torronsgarciasirvent.es\/en\/wp-json\/wp\/v2\/product_brand?post=105"},{"taxonomy":"product_cat","embeddable":true,"href":"https:\/\/torronsgarciasirvent.es\/en\/wp-json\/wp\/v2\/product_cat?post=105"},{"taxonomy":"product_tag","embeddable":true,"href":"https:\/\/torronsgarciasirvent.es\/en\/wp-json\/wp\/v2\/product_tag?post=105"}],"curies":[{"name":"wp","href":"https:\/\/api.w.org\/{rel}","templated":true}]}}