{"id":112,"date":"2024-09-27T10:40:20","date_gmt":"2024-09-27T09:40:20","guid":{"rendered":"https:\/\/torronsgarciasirvent.es\/?post_type=product&#038;p=112"},"modified":"2026-02-04T20:05:16","modified_gmt":"2026-02-04T19:05:16","slug":"fruita-glacejada","status":"publish","type":"product","link":"https:\/\/torronsgarciasirvent.es\/en\/fruita-glacejada\/","title":{"rendered":"Fruita glacejada"},"content":{"rendered":"<p><strong>Carabassa verda confitada:<\/strong><\/p>\n<p>Carabassa, sucre, xarop de glucosa, antioxidant (E-330), conservant (E-202, E-211) i colorant (E-100 i E131). Cont\u00e9\u00a0<strong>SULFITS.<\/strong>\u00a0<strong>SENSE GLUTEN.<\/strong>\u00a0Conservar en un lloc fresc i sec (T\u00aa&lt;25\u00baC\/50%RH)<\/p>\n<p>&nbsp;<\/p>\n<p><strong>Carabassa blanca confitada:<\/strong><\/p>\n<p>Carabassa, sucre, xarop de glucosa, antioxidant (E-330), conservant (E-202, E-211). Cont\u00e9\u00a0<strong>SULFITS.<\/strong>\u00a0<strong>SENSE GLUTEN.<\/strong>\u00a0Conservar en un lloc fresc i sec (T\u00aa&lt;25\u00baC\/50%RH)<\/p>\n<p>&nbsp;<\/p>\n<p><strong>Taronja sensera confitada:<\/strong><\/p>\n<p>Taronja, sucre, xarop de glucosa, antioxidant (E-330) i conservant (E-202, E-211). Cont\u00e9\u00a0<strong>SULFITS.<\/strong>\u00a0<strong>SENSE GLUTEN.<\/strong>\u00a0Conservar en un lloc fresc i sec (T\u00aa&lt;25\u00baC\/50%RH)<\/p>\n<p>&nbsp;<\/p>\n<p><strong>Pera confitada:<\/strong><\/p>\n<p>Pera, sucre, xarop de glucosa, antioxidant (E-330), conservant (E-202, E-211) i aroma. Cont\u00e9\u00a0<strong>SULFITS.<\/strong>\u00a0<strong>SENSE GLUTEN.<\/strong>\u00a0Conservar en un lloc fresc i sec (T\u00aa&lt;25\u00baC\/50%RH)<\/p>\n<p>&nbsp;<\/p>\n<p><strong>Mandarina confitada:<\/strong><\/p>\n<p>Marndarina, xarop de glucosa i fructosa, sucre, antioxidant (\u00e0cid c\u00edtric) i conservant (E-202). Cont\u00e9\u00a0<strong>SULFITS.<\/strong>\u00a0<strong>SENSE GLUTEN.<\/strong>\u00a0Conservar en un lloc fresc i sec (T\u00aa&lt;25\u00baC\/50%RH)<\/p>\n<p>&nbsp;<\/p>\n<p><strong>Cirera vermella confitada:<\/strong><\/p>\n<p>Cirera, sucre, xarop de glucosa, antioxidant (E-330), conservant (E-202, E-211). Cont\u00e9\u00a0<strong>SULFITS.<\/strong>\u00a0<strong>SENSE GLUTEN.<\/strong>\u00a0Conservar en un lloc fresc i sec (T\u00aa&lt;25\u00baC\/50%RH)<\/p>\n","protected":false},"excerpt":{"rendered":"<p>Descubreix totes les nostres fruites glacejades, tenim una gran varietat on escollir. Tots els nostres productes es serveixen a granel escepte la taronja sencera que la venem per unitats.<\/p>\n","protected":false},"featured_media":119,"template":"","meta":[],"product_brand":[],"product_cat":[75,46,77],"product_tag":[],"class_list":{"0":"post-112","1":"product","2":"type-product","3":"status-publish","4":"has-post-thumbnail","6":"product_cat-bombons","7":"product_cat-sense-gluten","8":"product_cat-vega","10":"first","11":"instock","12":"taxable","13":"shipping-taxable","14":"purchasable","15":"product-type-simple"},"_links":{"self":[{"href":"https:\/\/torronsgarciasirvent.es\/en\/wp-json\/wp\/v2\/product\/112","targetHints":{"allow":["GET"]}}],"collection":[{"href":"https:\/\/torronsgarciasirvent.es\/en\/wp-json\/wp\/v2\/product"}],"about":[{"href":"https:\/\/torronsgarciasirvent.es\/en\/wp-json\/wp\/v2\/types\/product"}],"version-history":[{"count":2,"href":"https:\/\/torronsgarciasirvent.es\/en\/wp-json\/wp\/v2\/product\/112\/revisions"}],"predecessor-version":[{"id":1439,"href":"https:\/\/torronsgarciasirvent.es\/en\/wp-json\/wp\/v2\/product\/112\/revisions\/1439"}],"wp:featuredmedia":[{"embeddable":true,"href":"https:\/\/torronsgarciasirvent.es\/en\/wp-json\/wp\/v2\/media\/119"}],"wp:attachment":[{"href":"https:\/\/torronsgarciasirvent.es\/en\/wp-json\/wp\/v2\/media?parent=112"}],"wp:term":[{"taxonomy":"product_brand","embeddable":true,"href":"https:\/\/torronsgarciasirvent.es\/en\/wp-json\/wp\/v2\/product_brand?post=112"},{"taxonomy":"product_cat","embeddable":true,"href":"https:\/\/torronsgarciasirvent.es\/en\/wp-json\/wp\/v2\/product_cat?post=112"},{"taxonomy":"product_tag","embeddable":true,"href":"https:\/\/torronsgarciasirvent.es\/en\/wp-json\/wp\/v2\/product_tag?post=112"}],"curies":[{"name":"wp","href":"https:\/\/api.w.org\/{rel}","templated":true}]}}