{"id":1167,"date":"2024-11-13T20:21:18","date_gmt":"2024-11-13T19:21:18","guid":{"rendered":"https:\/\/torronsgarciasirvent.es\/?post_type=product&#038;p=1167"},"modified":"2026-02-05T19:05:21","modified_gmt":"2026-02-05T18:05:21","slug":"torro-artesa-de-xixona","status":"publish","type":"product","link":"https:\/\/torronsgarciasirvent.es\/en\/torro-artesa-de-xixona\/","title":{"rendered":"Torr\u00f3 artes\u00e0 de Xixona"},"content":{"rendered":"<p>Ingredients:<\/p>\n<p>AMETLLA marcona del pa\u00eds torrada (69%), mel de taronger (17%), alb\u00f9mina d&#8217;OU i sucre.<\/p>\n<p>Pot contindre traces d&#8217;altres fruits de closca, cacauet, s\u00e8sam, llet i soja.<\/p>\n<p>&nbsp;<\/p>\n<p>Guardar en un lloc fresc i sec<\/p>\n","protected":false},"excerpt":{"rendered":"<p>Es caracteritza per la seva textura oliosa. Per a nosaltres \u00e9s el torr\u00f3 m\u00e9s cl\u00e0ssic i important. \u00c9s la varietat de torr\u00f3 que necessita m\u00e9s temps d&#8217;elaboraci\u00f3. Ha d&#8217;estar torrat al punt perqu\u00e8 ressalti lleugerament l&#8217;ametlla marcona i la mel de taronger. Per obtenir la mescla tamb\u00e9 fem servir una mica de sucre i clara d&#8217;ou.<\/p>\n<p>Sense gluten ni lactosa.<\/p>\n<p>Ingredients:<\/p>\n<p>AMETLLA marcona del pa\u00eds torrada (69%), mel de taronger (17%), alb\u00f9mina d&#8217;OU i sucre.<\/p>\n<p>Pot contindre traces d&#8217;altres fruits de closca, cacauet, s\u00e8sam, llet i soja.<\/p>\n<p>&nbsp;<\/p>\n<p>Guardar en un lloc fresc i sec<\/p>\n","protected":false},"featured_media":864,"template":"","meta":[],"product_brand":[],"product_cat":[46,25],"product_tag":[81],"class_list":{"0":"post-1167","1":"product","2":"type-product","3":"status-publish","4":"has-post-thumbnail","6":"product_cat-sense-gluten","7":"product_cat-torrons","8":"product_tag-xixona","10":"first","11":"instock","12":"featured","13":"taxable","14":"shipping-taxable","15":"purchasable","16":"product-type-variable"},"_links":{"self":[{"href":"https:\/\/torronsgarciasirvent.es\/en\/wp-json\/wp\/v2\/product\/1167","targetHints":{"allow":["GET"]}}],"collection":[{"href":"https:\/\/torronsgarciasirvent.es\/en\/wp-json\/wp\/v2\/product"}],"about":[{"href":"https:\/\/torronsgarciasirvent.es\/en\/wp-json\/wp\/v2\/types\/product"}],"version-history":[{"count":5,"href":"https:\/\/torronsgarciasirvent.es\/en\/wp-json\/wp\/v2\/product\/1167\/revisions"}],"predecessor-version":[{"id":2009,"href":"https:\/\/torronsgarciasirvent.es\/en\/wp-json\/wp\/v2\/product\/1167\/revisions\/2009"}],"wp:featuredmedia":[{"embeddable":true,"href":"https:\/\/torronsgarciasirvent.es\/en\/wp-json\/wp\/v2\/media\/864"}],"wp:attachment":[{"href":"https:\/\/torronsgarciasirvent.es\/en\/wp-json\/wp\/v2\/media?parent=1167"}],"wp:term":[{"taxonomy":"product_brand","embeddable":true,"href":"https:\/\/torronsgarciasirvent.es\/en\/wp-json\/wp\/v2\/product_brand?post=1167"},{"taxonomy":"product_cat","embeddable":true,"href":"https:\/\/torronsgarciasirvent.es\/en\/wp-json\/wp\/v2\/product_cat?post=1167"},{"taxonomy":"product_tag","embeddable":true,"href":"https:\/\/torronsgarciasirvent.es\/en\/wp-json\/wp\/v2\/product_tag?post=1167"}],"curies":[{"name":"wp","href":"https:\/\/api.w.org\/{rel}","templated":true}]}}