{"id":1981,"date":"2025-12-15T18:05:54","date_gmt":"2025-12-15T17:05:54","guid":{"rendered":"https:\/\/torronsgarciasirvent.es\/?post_type=product&#038;p=1981"},"modified":"2026-03-30T10:22:17","modified_gmt":"2026-03-30T09:22:17","slug":"torro-de-xixona-al-tall","status":"publish","type":"product","link":"https:\/\/torronsgarciasirvent.es\/en\/torro-de-xixona-al-tall\/","title":{"rendered":"TORR\u00d3 ARTES\u00c0 DE XIXONA AL TALL"},"content":{"rendered":"","protected":false},"excerpt":{"rendered":"<p>Es caracteritza per la seva textura oliosa. Per a nosaltres \u00e9s el torr\u00f3 m\u00e9s cl\u00e0ssic i important. \u00c9s la varietat de torr\u00f3 que necessita m\u00e9s temps d&#8217;elaboraci\u00f3. Ha d&#8217;estar torrat al punt perqu\u00e8 ressalti lleugerament l&#8217;ametlla marcona i la mel de taronger. Per obtenir la mescla tamb\u00e9 fem servir una mica de sucre i clara d&#8217;ou.<\/p>\n<p>Sense gluten ni lactosa.<\/p>\n<p>Ingredients:<\/p>\n<p>AMETLLA marcona del pa\u00eds torrada (69%), mel de taronger (17%), alb\u00f9mina d&#8217;OU i sucre.<\/p>\n<p>Pot contindre traces d&#8217;altres fruits de closca, cacauet, s\u00e8sam, llet i soja.<\/p>\n<p>Guardar en un lloc fresc i sec<\/p>\n","protected":false},"featured_media":2004,"template":"","meta":[],"product_brand":[],"product_cat":[46,25],"product_tag":[],"class_list":{"0":"post-1981","1":"product","2":"type-product","3":"status-publish","4":"has-post-thumbnail","6":"product_cat-sense-gluten","7":"product_cat-torrons","9":"first","10":"instock","11":"featured","12":"taxable","13":"shipping-taxable","14":"purchasable","15":"product-type-simple"},"_links":{"self":[{"href":"https:\/\/torronsgarciasirvent.es\/en\/wp-json\/wp\/v2\/product\/1981","targetHints":{"allow":["GET"]}}],"collection":[{"href":"https:\/\/torronsgarciasirvent.es\/en\/wp-json\/wp\/v2\/product"}],"about":[{"href":"https:\/\/torronsgarciasirvent.es\/en\/wp-json\/wp\/v2\/types\/product"}],"version-history":[{"count":11,"href":"https:\/\/torronsgarciasirvent.es\/en\/wp-json\/wp\/v2\/product\/1981\/revisions"}],"predecessor-version":[{"id":2045,"href":"https:\/\/torronsgarciasirvent.es\/en\/wp-json\/wp\/v2\/product\/1981\/revisions\/2045"}],"wp:featuredmedia":[{"embeddable":true,"href":"https:\/\/torronsgarciasirvent.es\/en\/wp-json\/wp\/v2\/media\/2004"}],"wp:attachment":[{"href":"https:\/\/torronsgarciasirvent.es\/en\/wp-json\/wp\/v2\/media?parent=1981"}],"wp:term":[{"taxonomy":"product_brand","embeddable":true,"href":"https:\/\/torronsgarciasirvent.es\/en\/wp-json\/wp\/v2\/product_brand?post=1981"},{"taxonomy":"product_cat","embeddable":true,"href":"https:\/\/torronsgarciasirvent.es\/en\/wp-json\/wp\/v2\/product_cat?post=1981"},{"taxonomy":"product_tag","embeddable":true,"href":"https:\/\/torronsgarciasirvent.es\/en\/wp-json\/wp\/v2\/product_tag?post=1981"}],"curies":[{"name":"wp","href":"https:\/\/api.w.org\/{rel}","templated":true}]}}