{"id":59,"date":"2024-09-27T08:54:54","date_gmt":"2024-09-27T07:54:54","guid":{"rendered":"https:\/\/torronsgarciasirvent.es\/?post_type=product&#038;p=59"},"modified":"2025-10-29T19:19:35","modified_gmt":"2025-10-29T18:19:35","slug":"polvoro-vega-artesa","status":"publish","type":"product","link":"https:\/\/torronsgarciasirvent.es\/en\/polvoro-vega-artesa\/","title":{"rendered":"Polvor\u00f3 veg\u00e0 artes\u00e0"},"content":{"rendered":"<p>33% <strong>AMETLLA<\/strong> marcona, <strong>FARINA de BLAT<\/strong>, oli d\u2019oliva verge extra (AOVE), sucre, canyella i pell de llimona natural.<\/p>\n<p>Pot contenir traces de <strong>CACAUET I ALTRES FRUITS DE CLOSCA<\/strong><\/p>\n<p>Sense conservants ni additius.<\/p>\n<p>Conservar amb un lloc fresc i sec (T\u00aa&lt;25 \u00bac \/ 50%RH)<\/p>\n","protected":false},"excerpt":{"rendered":"<p>Massa obtinguda de pastar farina d\u2019AMETLLA marcona, FARINA de BLAT, sucre, oli d\u2019oliva, canyella i pell de llimona natural.<\/p>\n","protected":false},"featured_media":74,"template":"","meta":[],"product_brand":[],"product_cat":[17,77],"product_tag":[],"class_list":{"0":"post-59","1":"product","2":"type-product","3":"status-publish","4":"has-post-thumbnail","6":"product_cat-polvorons","7":"product_cat-vega","9":"first","10":"instock","11":"taxable","12":"shipping-taxable","13":"purchasable","14":"product-type-simple"},"_links":{"self":[{"href":"https:\/\/torronsgarciasirvent.es\/en\/wp-json\/wp\/v2\/product\/59","targetHints":{"allow":["GET"]}}],"collection":[{"href":"https:\/\/torronsgarciasirvent.es\/en\/wp-json\/wp\/v2\/product"}],"about":[{"href":"https:\/\/torronsgarciasirvent.es\/en\/wp-json\/wp\/v2\/types\/product"}],"version-history":[{"count":1,"href":"https:\/\/torronsgarciasirvent.es\/en\/wp-json\/wp\/v2\/product\/59\/revisions"}],"predecessor-version":[{"id":1093,"href":"https:\/\/torronsgarciasirvent.es\/en\/wp-json\/wp\/v2\/product\/59\/revisions\/1093"}],"wp:featuredmedia":[{"embeddable":true,"href":"https:\/\/torronsgarciasirvent.es\/en\/wp-json\/wp\/v2\/media\/74"}],"wp:attachment":[{"href":"https:\/\/torronsgarciasirvent.es\/en\/wp-json\/wp\/v2\/media?parent=59"}],"wp:term":[{"taxonomy":"product_brand","embeddable":true,"href":"https:\/\/torronsgarciasirvent.es\/en\/wp-json\/wp\/v2\/product_brand?post=59"},{"taxonomy":"product_cat","embeddable":true,"href":"https:\/\/torronsgarciasirvent.es\/en\/wp-json\/wp\/v2\/product_cat?post=59"},{"taxonomy":"product_tag","embeddable":true,"href":"https:\/\/torronsgarciasirvent.es\/en\/wp-json\/wp\/v2\/product_tag?post=59"}],"curies":[{"name":"wp","href":"https:\/\/api.w.org\/{rel}","templated":true}]}}