{"id":741,"date":"2024-10-23T15:11:33","date_gmt":"2024-10-23T14:11:33","guid":{"rendered":"https:\/\/torronsgarciasirvent.es\/?post_type=product&#038;p=741"},"modified":"2025-06-03T14:53:37","modified_gmt":"2025-06-03T13:53:37","slug":"torro-artesa-de-xixona-encaixat","status":"publish","type":"product","link":"https:\/\/torronsgarciasirvent.es\/en\/torro-artesa-de-xixona-encaixat\/","title":{"rendered":"Torr\u00f3 artes\u00e0 de Xixona encaixat"},"content":{"rendered":"","protected":false},"excerpt":{"rendered":"<p>\u00c9s caracter\u00edstic per la seva textura oliosa. Per a nosaltres \u00e9s el torr\u00f3 m\u00e9s cl\u00e0ssic i m\u00e9s important. Ha d&#8217;estar torrat al punt perqu\u00e8 ressalti lleugerament l&#8217;ametlla marcona i la mel de taronger. Tenim diferents textures: refinat, picat o granulat. En el granulat es pot trobar el tros de l&#8217;ametlla torrada.<br \/>\nSense gluten ni lactosa.<\/p>\n","protected":false},"featured_media":859,"template":"","meta":[],"product_brand":[],"product_cat":[46,25],"product_tag":[81],"class_list":{"0":"post-741","1":"product","2":"type-product","3":"status-publish","4":"has-post-thumbnail","6":"product_cat-sense-gluten","7":"product_cat-torrons","8":"product_tag-xixona","10":"first","11":"instock","12":"taxable","13":"shipping-taxable","14":"purchasable","15":"product-type-simple"},"_links":{"self":[{"href":"https:\/\/torronsgarciasirvent.es\/en\/wp-json\/wp\/v2\/product\/741","targetHints":{"allow":["GET"]}}],"collection":[{"href":"https:\/\/torronsgarciasirvent.es\/en\/wp-json\/wp\/v2\/product"}],"about":[{"href":"https:\/\/torronsgarciasirvent.es\/en\/wp-json\/wp\/v2\/types\/product"}],"version-history":[{"count":1,"href":"https:\/\/torronsgarciasirvent.es\/en\/wp-json\/wp\/v2\/product\/741\/revisions"}],"predecessor-version":[{"id":742,"href":"https:\/\/torronsgarciasirvent.es\/en\/wp-json\/wp\/v2\/product\/741\/revisions\/742"}],"wp:featuredmedia":[{"embeddable":true,"href":"https:\/\/torronsgarciasirvent.es\/en\/wp-json\/wp\/v2\/media\/859"}],"wp:attachment":[{"href":"https:\/\/torronsgarciasirvent.es\/en\/wp-json\/wp\/v2\/media?parent=741"}],"wp:term":[{"taxonomy":"product_brand","embeddable":true,"href":"https:\/\/torronsgarciasirvent.es\/en\/wp-json\/wp\/v2\/product_brand?post=741"},{"taxonomy":"product_cat","embeddable":true,"href":"https:\/\/torronsgarciasirvent.es\/en\/wp-json\/wp\/v2\/product_cat?post=741"},{"taxonomy":"product_tag","embeddable":true,"href":"https:\/\/torronsgarciasirvent.es\/en\/wp-json\/wp\/v2\/product_tag?post=741"}],"curies":[{"name":"wp","href":"https:\/\/api.w.org\/{rel}","templated":true}]}}