{"id":745,"date":"2024-10-23T15:12:15","date_gmt":"2024-10-23T14:12:15","guid":{"rendered":"https:\/\/torronsgarciasirvent.es\/?post_type=product&#038;p=745"},"modified":"2025-10-28T22:43:14","modified_gmt":"2025-10-28T21:43:14","slug":"torro-artesa-de-gema-cremada-encaixat","status":"publish","type":"product","link":"https:\/\/torronsgarciasirvent.es\/en\/torro-artesa-de-gema-cremada-encaixat\/","title":{"rendered":"Torr\u00f3 artes\u00e0 de Gema cremada encaixat"},"content":{"rendered":"","protected":false},"excerpt":{"rendered":"<p>\u00c9s el m\u00e9s apreciat i caracter\u00edstic de Catalunya. S&#8217;elabora a partir d&#8217;una base d&#8217;ametlles m\u00f2ltes barrejades amb rovell d&#8217;ou i sucre desfet amb aigua. Quan est\u00e0 ja fred, es talla en forma de barres i a la part superior del torr\u00f3 s&#8217;escampa una fina capa de sucre i es crema amb una planxa ardent per aconseguir aix\u00ed una textura m\u00e9s sofisticada.<br \/>\nSense gluten ni lactosa.<\/p>\n","protected":false},"featured_media":878,"template":"","meta":[],"product_brand":[],"product_cat":[46,25],"product_tag":[],"class_list":{"0":"post-745","1":"product","2":"type-product","3":"status-publish","4":"has-post-thumbnail","6":"product_cat-sense-gluten","7":"product_cat-torrons","9":"first","10":"instock","11":"taxable","12":"shipping-taxable","13":"purchasable","14":"product-type-simple"},"_links":{"self":[{"href":"https:\/\/torronsgarciasirvent.es\/en\/wp-json\/wp\/v2\/product\/745","targetHints":{"allow":["GET"]}}],"collection":[{"href":"https:\/\/torronsgarciasirvent.es\/en\/wp-json\/wp\/v2\/product"}],"about":[{"href":"https:\/\/torronsgarciasirvent.es\/en\/wp-json\/wp\/v2\/types\/product"}],"version-history":[{"count":2,"href":"https:\/\/torronsgarciasirvent.es\/en\/wp-json\/wp\/v2\/product\/745\/revisions"}],"predecessor-version":[{"id":877,"href":"https:\/\/torronsgarciasirvent.es\/en\/wp-json\/wp\/v2\/product\/745\/revisions\/877"}],"wp:featuredmedia":[{"embeddable":true,"href":"https:\/\/torronsgarciasirvent.es\/en\/wp-json\/wp\/v2\/media\/878"}],"wp:attachment":[{"href":"https:\/\/torronsgarciasirvent.es\/en\/wp-json\/wp\/v2\/media?parent=745"}],"wp:term":[{"taxonomy":"product_brand","embeddable":true,"href":"https:\/\/torronsgarciasirvent.es\/en\/wp-json\/wp\/v2\/product_brand?post=745"},{"taxonomy":"product_cat","embeddable":true,"href":"https:\/\/torronsgarciasirvent.es\/en\/wp-json\/wp\/v2\/product_cat?post=745"},{"taxonomy":"product_tag","embeddable":true,"href":"https:\/\/torronsgarciasirvent.es\/en\/wp-json\/wp\/v2\/product_tag?post=745"}],"curies":[{"name":"wp","href":"https:\/\/api.w.org\/{rel}","templated":true}]}}