{"id":761,"date":"2024-10-23T15:21:22","date_gmt":"2024-10-23T14:21:22","guid":{"rendered":"https:\/\/torronsgarciasirvent.es\/?post_type=product&#038;p=761"},"modified":"2025-12-22T16:18:44","modified_gmt":"2025-12-22T15:18:44","slug":"torro-artesa-dalacant","status":"publish","type":"product","link":"https:\/\/torronsgarciasirvent.es\/en\/torro-artesa-dalacant\/","title":{"rendered":"Torr\u00f3 artes\u00e0 d&#8217;Alacant"},"content":{"rendered":"<p><span style=\"font-weight: 400;\">Malgrat la seva duresa,\u00a0 \u00e9s f\u00e0cil de mastegar gr\u00e0cies a la quantitat d&#8217;ametlla torrada i al cruixent de la mel. En el nostre torr\u00f3 d&#8217;Alacant destaca la qualitat de l&#8217;ametlla marcona i la mel de taronger. Tamb\u00e9 cont\u00e9 una quantitat m\u00edmina de sucre i clara d\u2019ou per coure la mel.<\/span><span style=\"font-weight: 400;\"><br \/>\n<\/span><span style=\"font-weight: 400;\">Sense gluten ni lactosa.<\/span><\/p>\n","protected":false},"excerpt":{"rendered":"<p>Malgrat la seva duresa, \u00e9s f\u00e0cil de mastegar gr\u00e0cies a la quantitat d&#8217;ametlla torrada i al cruixent de la mel. En el nostre torr\u00f3 d&#8217;Alacant destaca la qualitat de l&#8217;ametlla marcona i la mel de taronger. Tamb\u00e9 cont\u00e9 una quantitat m\u00edmina de sucre i clara d\u2019ou per coure la mel.<br \/>\nSense gluten ni lactosa.<\/p>\n","protected":false},"featured_media":868,"template":"","meta":[],"product_brand":[],"product_cat":[25,46],"product_tag":[81],"class_list":{"0":"post-761","1":"product","2":"type-product","3":"status-publish","4":"has-post-thumbnail","6":"product_cat-torrons","7":"product_cat-sense-gluten","8":"product_tag-xixona","10":"first","11":"instock","12":"featured","13":"taxable","14":"shipping-taxable","15":"purchasable","16":"product-type-variable"},"_links":{"self":[{"href":"https:\/\/torronsgarciasirvent.es\/en\/wp-json\/wp\/v2\/product\/761","targetHints":{"allow":["GET"]}}],"collection":[{"href":"https:\/\/torronsgarciasirvent.es\/en\/wp-json\/wp\/v2\/product"}],"about":[{"href":"https:\/\/torronsgarciasirvent.es\/en\/wp-json\/wp\/v2\/types\/product"}],"version-history":[{"count":3,"href":"https:\/\/torronsgarciasirvent.es\/en\/wp-json\/wp\/v2\/product\/761\/revisions"}],"predecessor-version":[{"id":1441,"href":"https:\/\/torronsgarciasirvent.es\/en\/wp-json\/wp\/v2\/product\/761\/revisions\/1441"}],"wp:featuredmedia":[{"embeddable":true,"href":"https:\/\/torronsgarciasirvent.es\/en\/wp-json\/wp\/v2\/media\/868"}],"wp:attachment":[{"href":"https:\/\/torronsgarciasirvent.es\/en\/wp-json\/wp\/v2\/media?parent=761"}],"wp:term":[{"taxonomy":"product_brand","embeddable":true,"href":"https:\/\/torronsgarciasirvent.es\/en\/wp-json\/wp\/v2\/product_brand?post=761"},{"taxonomy":"product_cat","embeddable":true,"href":"https:\/\/torronsgarciasirvent.es\/en\/wp-json\/wp\/v2\/product_cat?post=761"},{"taxonomy":"product_tag","embeddable":true,"href":"https:\/\/torronsgarciasirvent.es\/en\/wp-json\/wp\/v2\/product_tag?post=761"}],"curies":[{"name":"wp","href":"https:\/\/api.w.org\/{rel}","templated":true}]}}