{"id":771,"date":"2024-10-23T15:24:39","date_gmt":"2024-10-23T14:24:39","guid":{"rendered":"https:\/\/torronsgarciasirvent.es\/?post_type=product&#038;p=771"},"modified":"2025-10-29T18:18:21","modified_gmt":"2025-10-29T17:18:21","slug":"torro-artesa-de-gema-cremada","status":"publish","type":"product","link":"https:\/\/torronsgarciasirvent.es\/en\/torro-artesa-de-gema-cremada\/","title":{"rendered":"Torr\u00f3 artes\u00e0 de gema cremada"},"content":{"rendered":"<p>Ingredients:<\/p>\n<p>AMETLLA del pa\u00eds (32%), rovell d&#8217;OU, sucre, aigua, xarop de glucosa i \u00e0cid s\u00f2rbic<\/p>\n","protected":false},"excerpt":{"rendered":"<p><span class=\"Cap\">\u00c9s el m<\/span><span class=\"Cap\">\u00e9s apreciat i caracter\u00ed<\/span><span class=\"Cap\">stic de Catalunya. S&#8217;elabora a partir d&#8217;una base d&#8217;ametlles m<\/span><span class=\"Cap\">\u00f2ltes barrejades amb rovell\u00a0d&#8217;ou i sucre desfet amb aigua. La barreja es posa en un calaix de fusta especial.\u00a0Quan est\u00e0 ja fred, es talla en forma de barres i a la part superior del torr\u00f3 s&#8217;escampa una fina capa de sucre i es crema amb una planxa\u00a0ardent per aconseguir aix\u00ed una textura m\u00e9s sofisticada. Sense gluten ni lactosa.<\/span><\/p>\n","protected":false},"featured_media":884,"template":"","meta":[],"product_brand":[],"product_cat":[46,25],"product_tag":[],"class_list":{"0":"post-771","1":"product","2":"type-product","3":"status-publish","4":"has-post-thumbnail","6":"product_cat-sense-gluten","7":"product_cat-torrons","9":"first","10":"instock","11":"featured","12":"taxable","13":"shipping-taxable","14":"purchasable","15":"product-type-variable"},"_links":{"self":[{"href":"https:\/\/torronsgarciasirvent.es\/en\/wp-json\/wp\/v2\/product\/771","targetHints":{"allow":["GET"]}}],"collection":[{"href":"https:\/\/torronsgarciasirvent.es\/en\/wp-json\/wp\/v2\/product"}],"about":[{"href":"https:\/\/torronsgarciasirvent.es\/en\/wp-json\/wp\/v2\/types\/product"}],"version-history":[{"count":3,"href":"https:\/\/torronsgarciasirvent.es\/en\/wp-json\/wp\/v2\/product\/771\/revisions"}],"predecessor-version":[{"id":1946,"href":"https:\/\/torronsgarciasirvent.es\/en\/wp-json\/wp\/v2\/product\/771\/revisions\/1946"}],"wp:featuredmedia":[{"embeddable":true,"href":"https:\/\/torronsgarciasirvent.es\/en\/wp-json\/wp\/v2\/media\/884"}],"wp:attachment":[{"href":"https:\/\/torronsgarciasirvent.es\/en\/wp-json\/wp\/v2\/media?parent=771"}],"wp:term":[{"taxonomy":"product_brand","embeddable":true,"href":"https:\/\/torronsgarciasirvent.es\/en\/wp-json\/wp\/v2\/product_brand?post=771"},{"taxonomy":"product_cat","embeddable":true,"href":"https:\/\/torronsgarciasirvent.es\/en\/wp-json\/wp\/v2\/product_cat?post=771"},{"taxonomy":"product_tag","embeddable":true,"href":"https:\/\/torronsgarciasirvent.es\/en\/wp-json\/wp\/v2\/product_tag?post=771"}],"curies":[{"name":"wp","href":"https:\/\/api.w.org\/{rel}","templated":true}]}}