{"id":776,"date":"2024-10-23T15:25:39","date_gmt":"2024-10-23T14:25:39","guid":{"rendered":"https:\/\/torronsgarciasirvent.es\/?post_type=product&#038;p=776"},"modified":"2026-01-02T20:15:59","modified_gmt":"2026-01-02T19:15:59","slug":"torro-artesa-de-gema-canyella","status":"publish","type":"product","link":"https:\/\/torronsgarciasirvent.es\/en\/torro-artesa-de-gema-canyella\/","title":{"rendered":"Torr\u00f3 artes\u00e0 de Gema amb Canyella"},"content":{"rendered":"","protected":false},"excerpt":{"rendered":"<p>Aquest producte nom\u00e9s est\u00e0 disponible durant la temporada de Nadal.<\/p>\n<p>Tamb\u00e9 conegut com &#8220;de canyella&#8221; \u00e9s un altre cl\u00e0ssic. Al massap\u00e0 hi incorporem el rovell de l&#8217;ou i li posem pols de canyella.<br \/>\nSense gluten ni lactosa.<\/p>\n","protected":false},"featured_media":905,"template":"","meta":[],"product_brand":[],"product_cat":[46,25],"product_tag":[],"class_list":{"0":"post-776","1":"product","2":"type-product","3":"status-publish","4":"has-post-thumbnail","6":"product_cat-sense-gluten","7":"product_cat-torrons","9":"first","10":"instock","11":"taxable","12":"shipping-taxable","13":"purchasable","14":"product-type-variable"},"_links":{"self":[{"href":"https:\/\/torronsgarciasirvent.es\/en\/wp-json\/wp\/v2\/product\/776","targetHints":{"allow":["GET"]}}],"collection":[{"href":"https:\/\/torronsgarciasirvent.es\/en\/wp-json\/wp\/v2\/product"}],"about":[{"href":"https:\/\/torronsgarciasirvent.es\/en\/wp-json\/wp\/v2\/types\/product"}],"version-history":[{"count":3,"href":"https:\/\/torronsgarciasirvent.es\/en\/wp-json\/wp\/v2\/product\/776\/revisions"}],"predecessor-version":[{"id":1929,"href":"https:\/\/torronsgarciasirvent.es\/en\/wp-json\/wp\/v2\/product\/776\/revisions\/1929"}],"wp:featuredmedia":[{"embeddable":true,"href":"https:\/\/torronsgarciasirvent.es\/en\/wp-json\/wp\/v2\/media\/905"}],"wp:attachment":[{"href":"https:\/\/torronsgarciasirvent.es\/en\/wp-json\/wp\/v2\/media?parent=776"}],"wp:term":[{"taxonomy":"product_brand","embeddable":true,"href":"https:\/\/torronsgarciasirvent.es\/en\/wp-json\/wp\/v2\/product_brand?post=776"},{"taxonomy":"product_cat","embeddable":true,"href":"https:\/\/torronsgarciasirvent.es\/en\/wp-json\/wp\/v2\/product_cat?post=776"},{"taxonomy":"product_tag","embeddable":true,"href":"https:\/\/torronsgarciasirvent.es\/en\/wp-json\/wp\/v2\/product_tag?post=776"}],"curies":[{"name":"wp","href":"https:\/\/api.w.org\/{rel}","templated":true}]}}