{"id":781,"date":"2024-10-23T15:27:00","date_gmt":"2024-10-23T14:27:00","guid":{"rendered":"https:\/\/torronsgarciasirvent.es\/?post_type=product&#038;p=781"},"modified":"2025-11-24T19:40:24","modified_gmt":"2025-11-24T18:40:24","slug":"torro-artesa-de-fruita","status":"publish","type":"product","link":"https:\/\/torronsgarciasirvent.es\/en\/torro-artesa-de-fruita\/","title":{"rendered":"Torr\u00f3 artes\u00e0 de Fruita"},"content":{"rendered":"","protected":false},"excerpt":{"rendered":"<p>\u00c9s el Massap\u00e0 (ametlles i sucre ecol\u00f2gic)\u00a0tradicional amb fruites glacejades. Destaca la varietat de les fruites. S&#8217;hi pot trobar\u00a0carabassa, s\u00edndria, taronja, alfic\u00f2s i cireres. El color de les fruites\u00a0\u00e9s el resultat de submergir repetides vegades la fruita en alm\u00edvar.<\/p>\n<p>Sense gluten ni lactosa.<\/p>\n","protected":false},"featured_media":902,"template":"","meta":[],"product_brand":[],"product_cat":[46,25,77],"product_tag":[],"class_list":{"0":"post-781","1":"product","2":"type-product","3":"status-publish","4":"has-post-thumbnail","6":"product_cat-sense-gluten","7":"product_cat-torrons","8":"product_cat-vega","10":"first","11":"instock","12":"taxable","13":"shipping-taxable","14":"purchasable","15":"product-type-variable"},"_links":{"self":[{"href":"https:\/\/torronsgarciasirvent.es\/en\/wp-json\/wp\/v2\/product\/781","targetHints":{"allow":["GET"]}}],"collection":[{"href":"https:\/\/torronsgarciasirvent.es\/en\/wp-json\/wp\/v2\/product"}],"about":[{"href":"https:\/\/torronsgarciasirvent.es\/en\/wp-json\/wp\/v2\/types\/product"}],"version-history":[{"count":2,"href":"https:\/\/torronsgarciasirvent.es\/en\/wp-json\/wp\/v2\/product\/781\/revisions"}],"predecessor-version":[{"id":1442,"href":"https:\/\/torronsgarciasirvent.es\/en\/wp-json\/wp\/v2\/product\/781\/revisions\/1442"}],"wp:featuredmedia":[{"embeddable":true,"href":"https:\/\/torronsgarciasirvent.es\/en\/wp-json\/wp\/v2\/media\/902"}],"wp:attachment":[{"href":"https:\/\/torronsgarciasirvent.es\/en\/wp-json\/wp\/v2\/media?parent=781"}],"wp:term":[{"taxonomy":"product_brand","embeddable":true,"href":"https:\/\/torronsgarciasirvent.es\/en\/wp-json\/wp\/v2\/product_brand?post=781"},{"taxonomy":"product_cat","embeddable":true,"href":"https:\/\/torronsgarciasirvent.es\/en\/wp-json\/wp\/v2\/product_cat?post=781"},{"taxonomy":"product_tag","embeddable":true,"href":"https:\/\/torronsgarciasirvent.es\/en\/wp-json\/wp\/v2\/product_tag?post=781"}],"curies":[{"name":"wp","href":"https:\/\/api.w.org\/{rel}","templated":true}]}}