{"id":786,"date":"2024-10-23T15:28:04","date_gmt":"2024-10-23T14:28:04","guid":{"rendered":"https:\/\/torronsgarciasirvent.es\/?post_type=product&#038;p=786"},"modified":"2026-02-05T20:22:32","modified_gmt":"2026-02-05T19:22:32","slug":"torro-xocolata-ametlles-artesanal","status":"publish","type":"product","link":"https:\/\/torronsgarciasirvent.es\/en\/torro-xocolata-ametlles-artesanal\/","title":{"rendered":"Torr\u00f3 artes\u00e0 de Xocolata amb Ametlles"},"content":{"rendered":"","protected":false},"excerpt":{"rendered":"<p>\u00c9s una evoluci\u00f3 dels torrons tradicionals aconseguida combinant un cacau d&#8217;alt percentatge amb ametlles marcones torrades. El nostre mestre xocolater li d\u00f3na un punt cruixent que el fa molt agradable. Sense gluten, t\u00e9 traces de lactosa.<\/p>\n<p>Ingredients:<\/p>\n<p>AMETLLA marcona del pa\u00eds torrada (40%),pasta de cacau, sucre, mantega de cacau, emulgent (lecitina de SOJA), aroma natural de vainilla, cacao total a la cobertura 57% m\u00ednim.<\/p>\n<p>Pot contenir traces de LLET, FRUITS DE CLOSCA o DERIVATS.<\/p>\n<p>Guardar en un lloc fresc i sec<\/p>\n","protected":false},"featured_media":901,"template":"","meta":[],"product_brand":[],"product_cat":[46,25,77,85],"product_tag":[],"class_list":{"0":"post-786","1":"product","2":"type-product","3":"status-publish","4":"has-post-thumbnail","6":"product_cat-sense-gluten","7":"product_cat-torrons","8":"product_cat-vega","9":"product_cat-xocolata","11":"first","12":"instock","13":"featured","14":"taxable","15":"shipping-taxable","16":"purchasable","17":"product-type-variable"},"_links":{"self":[{"href":"https:\/\/torronsgarciasirvent.es\/en\/wp-json\/wp\/v2\/product\/786","targetHints":{"allow":["GET"]}}],"collection":[{"href":"https:\/\/torronsgarciasirvent.es\/en\/wp-json\/wp\/v2\/product"}],"about":[{"href":"https:\/\/torronsgarciasirvent.es\/en\/wp-json\/wp\/v2\/types\/product"}],"version-history":[{"count":8,"href":"https:\/\/torronsgarciasirvent.es\/en\/wp-json\/wp\/v2\/product\/786\/revisions"}],"predecessor-version":[{"id":2025,"href":"https:\/\/torronsgarciasirvent.es\/en\/wp-json\/wp\/v2\/product\/786\/revisions\/2025"}],"wp:featuredmedia":[{"embeddable":true,"href":"https:\/\/torronsgarciasirvent.es\/en\/wp-json\/wp\/v2\/media\/901"}],"wp:attachment":[{"href":"https:\/\/torronsgarciasirvent.es\/en\/wp-json\/wp\/v2\/media?parent=786"}],"wp:term":[{"taxonomy":"product_brand","embeddable":true,"href":"https:\/\/torronsgarciasirvent.es\/en\/wp-json\/wp\/v2\/product_brand?post=786"},{"taxonomy":"product_cat","embeddable":true,"href":"https:\/\/torronsgarciasirvent.es\/en\/wp-json\/wp\/v2\/product_cat?post=786"},{"taxonomy":"product_tag","embeddable":true,"href":"https:\/\/torronsgarciasirvent.es\/en\/wp-json\/wp\/v2\/product_tag?post=786"}],"curies":[{"name":"wp","href":"https:\/\/api.w.org\/{rel}","templated":true}]}}