{"id":81,"date":"2024-09-27T09:32:23","date_gmt":"2024-09-27T08:32:23","guid":{"rendered":"https:\/\/torronsgarciasirvent.es\/?post_type=product&#038;p=81"},"modified":"2026-02-04T20:06:35","modified_gmt":"2026-02-04T19:06:35","slug":"polvoro-sense-gluten","status":"publish","type":"product","link":"https:\/\/torronsgarciasirvent.es\/en\/polvoro-sense-gluten\/","title":{"rendered":"Polvor\u00f3 sense gluten"},"content":{"rendered":"<p><strong>AMETLLA <\/strong>\u00a0marcona (40%),mid\u00f3 de blat de moro,sucre, sag\u00ed (llard de porc refinada i antioxidants E304, E306 i E310), canyella i pell de llimona natural, rovell confitat (rovell d\u2019<strong>OU<\/strong>, sucre,xarop de glucosa, \u00e0cid s\u00f2rbic, estabilitzador (carboximetil celulosa de sodi) i acidulant (\u00e0cid c\u00edtric)), canyella i pell de llimona natural. Pot contenir traces de <strong>CACAUET I altres FRUITS AMB CLOSCA, SOJA o LACTOSA.<\/strong><\/p>\n<p>Sense conservants ni colorants ni additius<\/p>\n<p>Conservar en un lloc\u00a0 fresc i sec. (T\u00aa&lt;25 \u00bac \/ 50%RH)<\/p>\n","protected":false},"excerpt":{"rendered":"<p>Polvorons sense gluten aptes per cel\u00edacs: Massa obtinguda de pastar farina d\u2019AMETLLA marcona, mid\u00f3 de blat de moro, rovell d\u2019OU confitat, sucre, sag\u00ed, canyella i pell de llimona natural. SENSE GLUTEN<\/p>\n","protected":false},"featured_media":96,"template":"","meta":[],"product_brand":[],"product_cat":[17,46],"product_tag":[],"class_list":{"0":"post-81","1":"product","2":"type-product","3":"status-publish","4":"has-post-thumbnail","6":"product_cat-polvorons","7":"product_cat-sense-gluten","9":"first","10":"outofstock","11":"taxable","12":"shipping-taxable","13":"purchasable","14":"product-type-simple"},"_links":{"self":[{"href":"https:\/\/torronsgarciasirvent.es\/en\/wp-json\/wp\/v2\/product\/81","targetHints":{"allow":["GET"]}}],"collection":[{"href":"https:\/\/torronsgarciasirvent.es\/en\/wp-json\/wp\/v2\/product"}],"about":[{"href":"https:\/\/torronsgarciasirvent.es\/en\/wp-json\/wp\/v2\/types\/product"}],"version-history":[{"count":1,"href":"https:\/\/torronsgarciasirvent.es\/en\/wp-json\/wp\/v2\/product\/81\/revisions"}],"predecessor-version":[{"id":1090,"href":"https:\/\/torronsgarciasirvent.es\/en\/wp-json\/wp\/v2\/product\/81\/revisions\/1090"}],"wp:featuredmedia":[{"embeddable":true,"href":"https:\/\/torronsgarciasirvent.es\/en\/wp-json\/wp\/v2\/media\/96"}],"wp:attachment":[{"href":"https:\/\/torronsgarciasirvent.es\/en\/wp-json\/wp\/v2\/media?parent=81"}],"wp:term":[{"taxonomy":"product_brand","embeddable":true,"href":"https:\/\/torronsgarciasirvent.es\/en\/wp-json\/wp\/v2\/product_brand?post=81"},{"taxonomy":"product_cat","embeddable":true,"href":"https:\/\/torronsgarciasirvent.es\/en\/wp-json\/wp\/v2\/product_cat?post=81"},{"taxonomy":"product_tag","embeddable":true,"href":"https:\/\/torronsgarciasirvent.es\/en\/wp-json\/wp\/v2\/product_tag?post=81"}],"curies":[{"name":"wp","href":"https:\/\/api.w.org\/{rel}","templated":true}]}}