{"id":87,"date":"2024-09-27T09:41:23","date_gmt":"2024-09-27T08:41:23","guid":{"rendered":"https:\/\/torronsgarciasirvent.es\/?post_type=product&#038;p=87"},"modified":"2026-03-24T12:30:33","modified_gmt":"2026-03-24T11:30:33","slug":"pastis-de-gloria","status":"publish","type":"product","link":"https:\/\/torronsgarciasirvent.es\/en\/pastis-de-gloria\/","title":{"rendered":"Past\u00eds de gl\u00f2ria"},"content":{"rendered":"<p><strong>Ingredients<\/strong>:Massap\u00e0 50% (<strong>AMETLLA<\/strong>\u00a0(66%), sucre, glucosa i conservador (\u00e0cid s\u00f2rbic)), moniato blanc confitat 45% (polpa de moniato, sucre, xarop de glucosa, conservadors (\u00e0cid s\u00f2rbic i sorbat de potassi)), rovell confitat 5% (rovell d\u2019<strong>OU<\/strong>, sucre, xarop de glucosa, conservador (\u00e0cid s\u00f2rbic, estabilitzant (carboximetilcelulosa de sodi) i acidulant (\u00e0cid c\u00edtric)), alb\u00famina d\u2019<strong>OU<\/strong>, canyella i mid\u00f3 de blat de moro. Pot contenir traces de\u00a0<strong>SOJA i LACTOSA. SENSE GLUTEN<\/strong>.<\/p>\n<p><em>Conservar en un lloc fresc i sec.(T\u00aa&lt;25\u00baC\/50%RH).<\/em><\/p>\n","protected":false},"excerpt":{"rendered":"<p>Massa de massap\u00e0 farcida de moniato blanc confitat amb un toc de canyella i rovell confitat, recobert de merengue i una mica de sucre gla\u00e7. SENSE GLUTEN<\/p>\n","protected":false},"featured_media":102,"template":"","meta":[],"product_brand":[],"product_cat":[21,46],"product_tag":[],"class_list":{"0":"post-87","1":"product","2":"type-product","3":"status-publish","4":"has-post-thumbnail","6":"product_cat-massapa","7":"product_cat-sense-gluten","9":"first","10":"outofstock","11":"taxable","12":"shipping-taxable","13":"purchasable","14":"product-type-simple"},"_links":{"self":[{"href":"https:\/\/torronsgarciasirvent.es\/en\/wp-json\/wp\/v2\/product\/87","targetHints":{"allow":["GET"]}}],"collection":[{"href":"https:\/\/torronsgarciasirvent.es\/en\/wp-json\/wp\/v2\/product"}],"about":[{"href":"https:\/\/torronsgarciasirvent.es\/en\/wp-json\/wp\/v2\/types\/product"}],"version-history":[{"count":2,"href":"https:\/\/torronsgarciasirvent.es\/en\/wp-json\/wp\/v2\/product\/87\/revisions"}],"predecessor-version":[{"id":1428,"href":"https:\/\/torronsgarciasirvent.es\/en\/wp-json\/wp\/v2\/product\/87\/revisions\/1428"}],"wp:featuredmedia":[{"embeddable":true,"href":"https:\/\/torronsgarciasirvent.es\/en\/wp-json\/wp\/v2\/media\/102"}],"wp:attachment":[{"href":"https:\/\/torronsgarciasirvent.es\/en\/wp-json\/wp\/v2\/media?parent=87"}],"wp:term":[{"taxonomy":"product_brand","embeddable":true,"href":"https:\/\/torronsgarciasirvent.es\/en\/wp-json\/wp\/v2\/product_brand?post=87"},{"taxonomy":"product_cat","embeddable":true,"href":"https:\/\/torronsgarciasirvent.es\/en\/wp-json\/wp\/v2\/product_cat?post=87"},{"taxonomy":"product_tag","embeddable":true,"href":"https:\/\/torronsgarciasirvent.es\/en\/wp-json\/wp\/v2\/product_tag?post=87"}],"curies":[{"name":"wp","href":"https:\/\/api.w.org\/{rel}","templated":true}]}}