{"id":88,"date":"2024-09-27T10:47:25","date_gmt":"2024-09-27T09:47:25","guid":{"rendered":"https:\/\/torronsgarciasirvent.es\/?post_type=product&#038;p=88"},"modified":"2026-01-02T20:18:39","modified_gmt":"2026-01-02T19:18:39","slug":"pastis-de-gema","status":"publish","type":"product","link":"https:\/\/torronsgarciasirvent.es\/en\/pastis-de-gema\/","title":{"rendered":"Past\u00eds de gema"},"content":{"rendered":"<p>Massap\u00e0 50% (<strong>AMETLLA<\/strong>\u00a0(66%), sucre, glucosa i conservador (\u00e0cid s\u00f2rbic)), rovell confitat 50% (rovell d\u2019<strong>OU<\/strong>, sucre, xarop de glucosa, conservant (\u00e0cid s\u00f2rbic)), estabilitzador (carboximetilcelulosa de sodi) i acidulant (\u00e0cid c\u00edtric)), alb\u00famina d\u2019<strong>OU<\/strong>, canyella i mid\u00f3 de blat de moro. Pot contenir traces de\u00a0<strong>SOJA i LACTOSA. SENSE GLUTEN<\/strong>. <em>Conservar en un lloc fresc i sec.(T\u00aa&lt;25\u00baC\/50%RH).<\/em><strong>Valors nutricionals<\/strong><\/p>\n","protected":false},"excerpt":{"rendered":"<p>Massa de massap\u00e0 farcida de rovell confitat amb un toc de canyella, recobert de merengue i una mica de sucre gla\u00e7. SENSE GLUTEN.<\/p>\n","protected":false},"featured_media":1015,"template":"","meta":[],"product_brand":[],"product_cat":[21,46],"product_tag":[],"class_list":{"0":"post-88","1":"product","2":"type-product","3":"status-publish","4":"has-post-thumbnail","6":"product_cat-massapa","7":"product_cat-sense-gluten","9":"first","10":"outofstock","11":"taxable","12":"shipping-taxable","13":"purchasable","14":"product-type-simple"},"_links":{"self":[{"href":"https:\/\/torronsgarciasirvent.es\/en\/wp-json\/wp\/v2\/product\/88","targetHints":{"allow":["GET"]}}],"collection":[{"href":"https:\/\/torronsgarciasirvent.es\/en\/wp-json\/wp\/v2\/product"}],"about":[{"href":"https:\/\/torronsgarciasirvent.es\/en\/wp-json\/wp\/v2\/types\/product"}],"version-history":[{"count":2,"href":"https:\/\/torronsgarciasirvent.es\/en\/wp-json\/wp\/v2\/product\/88\/revisions"}],"predecessor-version":[{"id":1384,"href":"https:\/\/torronsgarciasirvent.es\/en\/wp-json\/wp\/v2\/product\/88\/revisions\/1384"}],"wp:featuredmedia":[{"embeddable":true,"href":"https:\/\/torronsgarciasirvent.es\/en\/wp-json\/wp\/v2\/media\/1015"}],"wp:attachment":[{"href":"https:\/\/torronsgarciasirvent.es\/en\/wp-json\/wp\/v2\/media?parent=88"}],"wp:term":[{"taxonomy":"product_brand","embeddable":true,"href":"https:\/\/torronsgarciasirvent.es\/en\/wp-json\/wp\/v2\/product_brand?post=88"},{"taxonomy":"product_cat","embeddable":true,"href":"https:\/\/torronsgarciasirvent.es\/en\/wp-json\/wp\/v2\/product_cat?post=88"},{"taxonomy":"product_tag","embeddable":true,"href":"https:\/\/torronsgarciasirvent.es\/en\/wp-json\/wp\/v2\/product_tag?post=88"}],"curies":[{"name":"wp","href":"https:\/\/api.w.org\/{rel}","templated":true}]}}