{"id":1632,"date":"2024-10-14T10:09:08","date_gmt":"2024-10-14T09:09:08","guid":{"rendered":"https:\/\/torronsgarciasirvent.es\/historia\/"},"modified":"2025-05-26T12:22:51","modified_gmt":"2025-05-26T11:22:51","slug":"historia","status":"publish","type":"page","link":"https:\/\/torronsgarciasirvent.es\/es\/historia\/","title":{"rendered":"Historia"},"content":{"rendered":"\t\t<div data-elementor-type=\"wp-page\" data-elementor-id=\"1632\" class=\"elementor elementor-1632 elementor-259\" data-elementor-post-type=\"page\">\n\t\t\t\t<div class=\"elementor-element elementor-element-3b8e919 animated-slow e-flex e-con-boxed elementor-invisible e-con e-parent\" data-id=\"3b8e919\" data-element_type=\"container\" data-e-type=\"container\" data-settings=\"{&quot;background_background&quot;:&quot;classic&quot;,&quot;animation&quot;:&quot;fadeIn&quot;}\">\n\t\t\t\t\t<div class=\"e-con-inner\">\n\t\t\t\t<div class=\"elementor-element elementor-element-fa787d1 animated-slow elementor-invisible elementor-widget elementor-widget-heading\" data-id=\"fa787d1\" data-element_type=\"widget\" data-e-type=\"widget\" data-settings=\"{&quot;_animation&quot;:&quot;fadeIn&quot;,&quot;_animation_delay&quot;:600}\" data-widget_type=\"heading.default\">\n\t\t\t\t<div class=\"elementor-widget-container\">\n\t\t\t\t\t<h1 class=\"elementor-heading-title elementor-size-default\"><i>Garc\u00eda Sirvent <\/i>es una empresa familiar de Maestros Turroneros. Somos ya la tercera generaci\u00f3n, manteniendo la pasi\u00f3n por las cosas bien hechas. <\/h1>\t\t\t\t<\/div>\n\t\t\t\t<\/div>\n\t\t\t\t\t<\/div>\n\t\t\t\t<\/div>\n\t\t<div class=\"elementor-element elementor-element-60f4aad about1 e-flex e-con-boxed e-con e-parent\" data-id=\"60f4aad\" data-element_type=\"container\" data-e-type=\"container\">\n\t\t\t\t\t<div class=\"e-con-inner\">\n\t\t\t\t<div class=\"elementor-element elementor-element-a89e796 animated-slow elementor-invisible elementor-widget elementor-widget-text-editor\" data-id=\"a89e796\" data-element_type=\"widget\" data-e-type=\"widget\" data-settings=\"{&quot;_animation&quot;:&quot;fadeIn&quot;,&quot;_animation_delay&quot;:300}\" data-widget_type=\"text-editor.default\">\n\t\t\t\t<div class=\"elementor-widget-container\">\n\t\t\t\t\t\t\t\t\tAlrededor del a\u00f1o 1940, los intr\u00e9pidos jijonencos David Garc\u00eda Sirvent y su amada esposa Elvira Miquel Miquel emprendieron un viaje hacia Catalu\u00f1a, dejando tras de s\u00ed las tierras de Jijona para una nueva oportunidad en Vilanova i la Geltr\u00fa, trabajando para unos amigos heladores.\n\t\t\t\t\t\t\t\t<\/div>\n\t\t\t\t<\/div>\n\t\t\t\t<div class=\"elementor-element elementor-element-eba097a animated-slow elementor-widget-divider--view-line elementor-invisible elementor-widget elementor-widget-divider\" data-id=\"eba097a\" data-element_type=\"widget\" data-e-type=\"widget\" data-settings=\"{&quot;_animation&quot;:&quot;fadeIn&quot;,&quot;_animation_delay&quot;:400}\" data-widget_type=\"divider.default\">\n\t\t\t\t<div class=\"elementor-widget-container\">\n\t\t\t\t\t\t\t<div class=\"elementor-divider\">\n\t\t\t<span class=\"elementor-divider-separator\">\n\t\t\t\t\t\t<\/span>\n\t\t<\/div>\n\t\t\t\t\t\t<\/div>\n\t\t\t\t<\/div>\n\t\t\t\t<div class=\"elementor-element elementor-element-b7c1cc7 animated-slow elementor-invisible elementor-widget elementor-widget-text-editor\" data-id=\"b7c1cc7\" data-element_type=\"widget\" data-e-type=\"widget\" data-settings=\"{&quot;_animation&quot;:&quot;fadeIn&quot;,&quot;_animation_delay&quot;:500}\" data-widget_type=\"text-editor.default\">\n\t\t\t\t<div class=\"elementor-widget-container\">\n\t\t\t\t\t\t\t\t\t\nAl finalizar el verano, la pareja decidida de David y Elvira se puso en marcha para encontrar un sitio donde establecerse permanentemente. Despu\u00e9s de explorar varias poblaciones, descubrieron una joya llamada Valls, conocida por su vibrante y activo mercado. \t\t\t\t\t\t\t\t<\/div>\n\t\t\t\t<\/div>\n\t\t\t\t<div class=\"elementor-element elementor-element-31f9f05 animated-slow elementor-widget-divider--view-line elementor-invisible elementor-widget elementor-widget-divider\" data-id=\"31f9f05\" data-element_type=\"widget\" data-e-type=\"widget\" data-settings=\"{&quot;_animation&quot;:&quot;fadeIn&quot;,&quot;_animation_delay&quot;:600}\" data-widget_type=\"divider.default\">\n\t\t\t\t<div class=\"elementor-widget-container\">\n\t\t\t\t\t\t\t<div class=\"elementor-divider\">\n\t\t\t<span class=\"elementor-divider-separator\">\n\t\t\t\t\t\t<\/span>\n\t\t<\/div>\n\t\t\t\t\t\t<\/div>\n\t\t\t\t<\/div>\n\t\t\t\t<div class=\"elementor-element elementor-element-1a52836 animated-slow elementor-invisible elementor-widget elementor-widget-text-editor\" data-id=\"1a52836\" data-element_type=\"widget\" data-e-type=\"widget\" data-settings=\"{&quot;_animation&quot;:&quot;fadeIn&quot;,&quot;_animation_delay&quot;:900}\" data-widget_type=\"text-editor.default\">\n\t\t\t\t<div class=\"elementor-widget-container\">\n\t\t\t\t\t\t\t\t\tCon la llegada de Navidad, David regres\u00f3 a Jijona, donde, inmerso en la f\u00e1brica de turrones, trabaj\u00f3 a conciencia. Hacia el 15 de diciembre, regres\u00f3 a Valls con un surtido de los primeros turrones, que marcaron el inicio de una tradici\u00f3n que perdura hasta nuestros d\u00edas. \t\t\t\t\t\t\t\t<\/div>\n\t\t\t\t<\/div>\n\t\t\t\t<div class=\"elementor-element elementor-element-9c166f4 animated-slow elementor-widget-divider--view-line elementor-invisible elementor-widget elementor-widget-divider\" data-id=\"9c166f4\" data-element_type=\"widget\" data-e-type=\"widget\" data-settings=\"{&quot;_animation&quot;:&quot;fadeIn&quot;,&quot;_animation_delay&quot;:1000}\" data-widget_type=\"divider.default\">\n\t\t\t\t<div class=\"elementor-widget-container\">\n\t\t\t\t\t\t\t<div class=\"elementor-divider\">\n\t\t\t<span class=\"elementor-divider-separator\">\n\t\t\t\t\t\t<\/span>\n\t\t<\/div>\n\t\t\t\t\t\t<\/div>\n\t\t\t\t<\/div>\n\t\t\t\t<div class=\"elementor-element elementor-element-bede9f4 animated-slow elementor-invisible elementor-widget elementor-widget-text-editor\" data-id=\"bede9f4\" data-element_type=\"widget\" data-e-type=\"widget\" data-settings=\"{&quot;_animation&quot;:&quot;fadeIn&quot;,&quot;_animation_delay&quot;:1100}\" data-widget_type=\"text-editor.default\">\n\t\t\t\t<div class=\"elementor-widget-container\">\n\t\t\t\t\t\t\t\t\tLa conexi\u00f3n con Jijona ha sido constante a lo largo del tiempo. El hijo de David y Elvira, y actualmente, su nieta Montserrat, contin\u00faan la saga familiar, elaborando los queridos turrones artesanos de calidad suprema con las prestigiosas certificaciones de Denominaci\u00f3n de Origen (DO) e Indicaci\u00f3n Geogr\u00e1fica Protegida (IGP) de Jijona y Turr\u00f3n de Alicante. \t\t\t\t\t\t\t\t<\/div>\n\t\t\t\t<\/div>\n\t\t\t\t<div class=\"elementor-element elementor-element-b7bf3c1 animated-slow elementor-widget-divider--view-line elementor-invisible elementor-widget elementor-widget-divider\" data-id=\"b7bf3c1\" data-element_type=\"widget\" data-e-type=\"widget\" data-settings=\"{&quot;_animation&quot;:&quot;fadeIn&quot;,&quot;_animation_delay&quot;:1200}\" data-widget_type=\"divider.default\">\n\t\t\t\t<div class=\"elementor-widget-container\">\n\t\t\t\t\t\t\t<div class=\"elementor-divider\">\n\t\t\t<span class=\"elementor-divider-separator\">\n\t\t\t\t\t\t<\/span>\n\t\t<\/div>\n\t\t\t\t\t\t<\/div>\n\t\t\t\t<\/div>\n\t\t\t\t<div class=\"elementor-element elementor-element-d9667f7 animated-slow elementor-invisible elementor-widget elementor-widget-text-editor\" data-id=\"d9667f7\" data-element_type=\"widget\" data-e-type=\"widget\" data-settings=\"{&quot;_animation&quot;:&quot;fadeIn&quot;,&quot;_animation_delay&quot;:1300}\" data-widget_type=\"text-editor.default\">\n\t\t\t\t<div class=\"elementor-widget-container\">\n\t\t\t\t\t\t\t\t\t<p>En cada pedazo de turr\u00f3n que elaboramos, est\u00e1 la dedicaci\u00f3n de una familia que ha hecho del turr\u00f3n m\u00e1s que un producto, sino una expresi\u00f3n aut\u00e9ntica de pasi\u00f3n, tradici\u00f3n y compromiso con la calidad. En Turrones Garcia Sirvent, cada turr\u00f3n nos habla de nuestra historia y del amor que ponemos en cada detalle. <\/p>\t\t\t\t\t\t\t\t<\/div>\n\t\t\t\t<\/div>\n\t\t\t\t<div class=\"elementor-element elementor-element-e3d6420 animated-slow elementor-widget-divider--view-line elementor-invisible elementor-widget elementor-widget-divider\" data-id=\"e3d6420\" data-element_type=\"widget\" data-e-type=\"widget\" data-settings=\"{&quot;_animation&quot;:&quot;fadeIn&quot;,&quot;_animation_delay&quot;:1400}\" data-widget_type=\"divider.default\">\n\t\t\t\t<div class=\"elementor-widget-container\">\n\t\t\t\t\t\t\t<div class=\"elementor-divider\">\n\t\t\t<span class=\"elementor-divider-separator\">\n\t\t\t\t\t\t<\/span>\n\t\t<\/div>\n\t\t\t\t\t\t<\/div>\n\t\t\t\t<\/div>\n\t\t\t\t<div class=\"elementor-element elementor-element-004d405 animated-slow elementor-invisible elementor-widget elementor-widget-text-editor\" data-id=\"004d405\" data-element_type=\"widget\" data-e-type=\"widget\" data-settings=\"{&quot;_animation&quot;:&quot;fadeIn&quot;,&quot;_animation_delay&quot;:1500}\" data-widget_type=\"text-editor.default\">\n\t\t\t\t<div class=\"elementor-widget-container\">\n\t\t\t\t\t\t\t\t\tNuestra misi\u00f3n perdura, y con cada generaci\u00f3n, seguimos endulzando sus vidas con lo mejor de nuestros turrones artesanos.\t\t\t\t\t\t\t\t<\/div>\n\t\t\t\t<\/div>\n\t\t\t\t\t<\/div>\n\t\t\t\t<\/div>\n\t\t<div class=\"elementor-element elementor-element-3196619 animated-slow e-flex e-con-boxed elementor-invisible e-con e-parent\" data-id=\"3196619\" data-element_type=\"container\" data-e-type=\"container\" data-settings=\"{&quot;background_background&quot;:&quot;slideshow&quot;,&quot;background_slideshow_gallery&quot;:[{&quot;id&quot;:1453,&quot;url&quot;:&quot;https:\\\/\\\/torronsgarciasirvent.es\\\/wp-content\\\/uploads\\\/2024\\\/11\\\/1920x1080_histortia_torrons_G_S_web_14_NOV_20242.jpg&quot;}],&quot;background_slideshow_slide_duration&quot;:2500,&quot;background_slideshow_transition_duration&quot;:2500,&quot;background_slideshow_ken_burns&quot;:&quot;yes&quot;,&quot;animation&quot;:&quot;fadeIn&quot;,&quot;background_slideshow_loop&quot;:&quot;yes&quot;,&quot;background_slideshow_slide_transition&quot;:&quot;fade&quot;,&quot;background_slideshow_ken_burns_zoom_direction&quot;:&quot;in&quot;}\">\n\t\t\t\t\t<div class=\"e-con-inner\">\n\t\t\t\t\t<\/div>\n\t\t\t\t<\/div>\n\t\t<div class=\"elementor-element elementor-element-eaedd05 e-flex e-con-boxed e-con e-parent\" data-id=\"eaedd05\" data-element_type=\"container\" data-e-type=\"container\">\n\t\t\t\t\t<div class=\"e-con-inner\">\n\t\t<div class=\"elementor-element elementor-element-95e21b3 e-con-full e-flex e-con e-child\" data-id=\"95e21b3\" data-element_type=\"container\" data-e-type=\"container\">\n\t\t\t\t<div class=\"elementor-element elementor-element-a9c8f7a animated-slow elementor-invisible elementor-widget elementor-widget-image\" data-id=\"a9c8f7a\" data-element_type=\"widget\" data-e-type=\"widget\" data-settings=\"{&quot;_animation&quot;:&quot;fadeIn&quot;}\" data-widget_type=\"image.default\">\n\t\t\t\t<div class=\"elementor-widget-container\">\n\t\t\t\t\t\t\t\t\t\t\t\t\t\t\t<img fetchpriority=\"high\" decoding=\"async\" width=\"800\" height=\"800\" src=\"https:\/\/torronsgarciasirvent.es\/wp-content\/uploads\/2024\/11\/1080x1080_historia_torrons_G_S_web_14_NOV_2024-1024x1024.jpg\" class=\"attachment-large size-large wp-image-1452\" alt=\"\" srcset=\"https:\/\/torronsgarciasirvent.es\/wp-content\/uploads\/2024\/11\/1080x1080_historia_torrons_G_S_web_14_NOV_2024-1024x1024.jpg 1024w, https:\/\/torronsgarciasirvent.es\/wp-content\/uploads\/2024\/11\/1080x1080_historia_torrons_G_S_web_14_NOV_2024-300x300.jpg 300w, https:\/\/torronsgarciasirvent.es\/wp-content\/uploads\/2024\/11\/1080x1080_historia_torrons_G_S_web_14_NOV_2024-150x150.jpg 150w, https:\/\/torronsgarciasirvent.es\/wp-content\/uploads\/2024\/11\/1080x1080_historia_torrons_G_S_web_14_NOV_2024-768x768.jpg 768w, https:\/\/torronsgarciasirvent.es\/wp-content\/uploads\/2024\/11\/1080x1080_historia_torrons_G_S_web_14_NOV_2024-600x600.jpg 600w, https:\/\/torronsgarciasirvent.es\/wp-content\/uploads\/2024\/11\/1080x1080_historia_torrons_G_S_web_14_NOV_2024-100x100.jpg 100w, https:\/\/torronsgarciasirvent.es\/wp-content\/uploads\/2024\/11\/1080x1080_historia_torrons_G_S_web_14_NOV_2024.jpg 1080w\" sizes=\"(max-width: 800px) 100vw, 800px\" title=\"\">\t\t\t\t\t\t\t\t\t\t\t\t\t\t\t<\/div>\n\t\t\t\t<\/div>\n\t\t\t\t<\/div>\n\t\t<div class=\"elementor-element elementor-element-6e0bb4a e-con-full e-flex e-con e-child\" data-id=\"6e0bb4a\" data-element_type=\"container\" data-e-type=\"container\">\n\t\t\t\t<div class=\"elementor-element elementor-element-3be5eff animated-slow elementor-invisible elementor-widget elementor-widget-heading\" data-id=\"3be5eff\" data-element_type=\"widget\" data-e-type=\"widget\" data-settings=\"{&quot;_animation&quot;:&quot;fadeIn&quot;,&quot;_animation_delay&quot;:100}\" data-widget_type=\"heading.default\">\n\t\t\t\t<div class=\"elementor-widget-container\">\n\t\t\t\t\t<h2 class=\"elementor-heading-title elementor-size-default\"><i>Soy Montserrat Garcia Gassi\u00f3<\/i><\/h2>\t\t\t\t<\/div>\n\t\t\t\t<\/div>\n\t\t\t\t<div class=\"elementor-element elementor-element-0dfcb7d animated-slow elementor-invisible elementor-widget elementor-widget-text-editor\" data-id=\"0dfcb7d\" data-element_type=\"widget\" data-e-type=\"widget\" data-settings=\"{&quot;_animation&quot;:&quot;fadeIn&quot;,&quot;_animation_delay&quot;:300}\" data-widget_type=\"text-editor.default\">\n\t\t\t\t<div class=\"elementor-widget-container\">\n\t\t\t\t\t\t\t\t\ty mi vida ha sido una danza entre los aromas dulces y los secretos guardados en nuestros obradores. Nac\u00ed y crec\u00ed entre turrones, rodea por la magia de la creaci\u00f3n artesana de nuestra familia.\n\t\t\t\t\t\t\t\t<\/div>\n\t\t\t\t<\/div>\n\t\t\t\t<div class=\"elementor-element elementor-element-e35379d animated-slow elementor-widget-divider--view-line elementor-invisible elementor-widget elementor-widget-divider\" data-id=\"e35379d\" data-element_type=\"widget\" data-e-type=\"widget\" data-settings=\"{&quot;_animation&quot;:&quot;fadeIn&quot;,&quot;_animation_delay&quot;:400}\" data-widget_type=\"divider.default\">\n\t\t\t\t<div class=\"elementor-widget-container\">\n\t\t\t\t\t\t\t<div class=\"elementor-divider\">\n\t\t\t<span class=\"elementor-divider-separator\">\n\t\t\t\t\t\t<\/span>\n\t\t<\/div>\n\t\t\t\t\t\t<\/div>\n\t\t\t\t<\/div>\n\t\t\t\t<div class=\"elementor-element elementor-element-9c3d772 animated-slow elementor-invisible elementor-widget elementor-widget-text-editor\" data-id=\"9c3d772\" data-element_type=\"widget\" data-e-type=\"widget\" data-settings=\"{&quot;_animation&quot;:&quot;fadeIn&quot;,&quot;_animation_delay&quot;:500}\" data-widget_type=\"text-editor.default\">\n\t\t\t\t<div class=\"elementor-widget-container\">\n\t\t\t\t\t\t\t\t\t<p>Desde muy peque\u00f1a, mis abuelos me compartieron los secretos de sus recetas centenarias, transmiti\u00e9ndome la pasi\u00f3n que ha dado vida a nuestros turrones durante m\u00e1s de 80 a\u00f1os. Recuerdo c\u00f3mo mi primer recuerdo es el embriagador aroma de la almendra tostada y la miel cocida, del turr\u00f3n reci\u00e9n hecho impregnando cada rinc\u00f3n de nuestro obrador con la dulce promesa de momentos \u00fanicos. <\/p>\t\t\t\t\t\t\t\t<\/div>\n\t\t\t\t<\/div>\n\t\t\t\t<div class=\"elementor-element elementor-element-f909fc6 animated-slow elementor-widget-divider--view-line elementor-invisible elementor-widget elementor-widget-divider\" data-id=\"f909fc6\" data-element_type=\"widget\" data-e-type=\"widget\" data-settings=\"{&quot;_animation&quot;:&quot;fadeIn&quot;,&quot;_animation_delay&quot;:800}\" data-widget_type=\"divider.default\">\n\t\t\t\t<div class=\"elementor-widget-container\">\n\t\t\t\t\t\t\t<div class=\"elementor-divider\">\n\t\t\t<span class=\"elementor-divider-separator\">\n\t\t\t\t\t\t<\/span>\n\t\t<\/div>\n\t\t\t\t\t\t<\/div>\n\t\t\t\t<\/div>\n\t\t\t\t<div class=\"elementor-element elementor-element-055c763 animated-slow elementor-invisible elementor-widget elementor-widget-text-editor\" data-id=\"055c763\" data-element_type=\"widget\" data-e-type=\"widget\" data-settings=\"{&quot;_animation&quot;:&quot;fadeIn&quot;,&quot;_animation_delay&quot;:700}\" data-widget_type=\"text-editor.default\">\n\t\t\t\t<div class=\"elementor-widget-container\">\n\t\t\t\t\t\t\t\t\tEs una tradici\u00f3n que va m\u00e1s all\u00e1 de las simples barras de turr\u00f3n; es una herencia que he recibido con amor y dedicaci\u00f3n. Cada barra que elaboramos es una peque\u00f1a parte de nuestra historia, de mi historia. \t\t\t\t\t\t\t\t<\/div>\n\t\t\t\t<\/div>\n\t\t\t\t<div class=\"elementor-element elementor-element-239fdd4 animated-slow elementor-widget-divider--view-line elementor-invisible elementor-widget elementor-widget-divider\" data-id=\"239fdd4\" data-element_type=\"widget\" data-e-type=\"widget\" data-settings=\"{&quot;_animation&quot;:&quot;fadeIn&quot;,&quot;_animation_delay&quot;:1200}\" data-widget_type=\"divider.default\">\n\t\t\t\t<div class=\"elementor-widget-container\">\n\t\t\t\t\t\t\t<div class=\"elementor-divider\">\n\t\t\t<span class=\"elementor-divider-separator\">\n\t\t\t\t\t\t<\/span>\n\t\t<\/div>\n\t\t\t\t\t\t<\/div>\n\t\t\t\t<\/div>\n\t\t\t\t<div class=\"elementor-element elementor-element-173fefb animated-slow elementor-invisible elementor-widget elementor-widget-text-editor\" data-id=\"173fefb\" data-element_type=\"widget\" data-e-type=\"widget\" data-settings=\"{&quot;_animation&quot;:&quot;fadeIn&quot;,&quot;_animation_delay&quot;:1500}\" data-widget_type=\"text-editor.default\">\n\t\t\t\t<div class=\"elementor-widget-container\">\n\t\t\t\t\t\t\t\t\t<p>Ahora, como l\u00edder de la tercera generaci\u00f3n, sigo esta tradici\u00f3n con el compromiso de mantener vivo ese legado. Cada pedazo de turr\u00f3n que llevamos a su mesa est\u00e1 impregnado con los recuerdos de mi pasado y la promesa de un futuro dulce para todos vosotros. <\/p>\t\t\t\t\t\t\t\t<\/div>\n\t\t\t\t<\/div>\n\t\t\t\t<div class=\"elementor-element elementor-element-03808f9 animated-slow elementor-widget-divider--view-line elementor-invisible elementor-widget elementor-widget-divider\" data-id=\"03808f9\" data-element_type=\"widget\" data-e-type=\"widget\" data-settings=\"{&quot;_animation&quot;:&quot;fadeIn&quot;,&quot;_animation_delay&quot;:1800}\" data-widget_type=\"divider.default\">\n\t\t\t\t<div class=\"elementor-widget-container\">\n\t\t\t\t\t\t\t<div class=\"elementor-divider\">\n\t\t\t<span class=\"elementor-divider-separator\">\n\t\t\t\t\t\t<\/span>\n\t\t<\/div>\n\t\t\t\t\t\t<\/div>\n\t\t\t\t<\/div>\n\t\t\t\t<div class=\"elementor-element elementor-element-9a7a09f animated-slow elementor-invisible elementor-widget elementor-widget-text-editor\" data-id=\"9a7a09f\" data-element_type=\"widget\" data-e-type=\"widget\" data-settings=\"{&quot;_animation&quot;:&quot;fadeIn&quot;,&quot;_animation_delay&quot;:1800}\" data-widget_type=\"text-editor.default\">\n\t\t\t\t<div class=\"elementor-widget-container\">\n\t\t\t\t\t\t\t\t\tGracias por formar parte de esta historia y permitir que nuestros turrones sean parte de sus memorias m\u00e1s dulces.\t\t\t\t\t\t\t\t<\/div>\n\t\t\t\t<\/div>\n\t\t\t\t<\/div>\n\t\t\t\t\t<\/div>\n\t\t\t\t<\/div>\n\t\t<div class=\"elementor-element elementor-element-db98f3c animated-slow e-flex e-con-boxed elementor-invisible e-con e-parent\" data-id=\"db98f3c\" data-element_type=\"container\" data-e-type=\"container\" data-settings=\"{&quot;background_background&quot;:&quot;slideshow&quot;,&quot;background_slideshow_gallery&quot;:[{&quot;id&quot;:285,&quot;url&quot;:&quot;https:\\\/\\\/torronsgarciasirvent.es\\\/wp-content\\\/uploads\\\/2024\\\/10\\\/Torrons-Garcia-Sirvent.jpg&quot;},{&quot;id&quot;:445,&quot;url&quot;:&quot;https:\\\/\\\/torronsgarciasirvent.es\\\/wp-content\\\/uploads\\\/2024\\\/10\\\/1920x1080_home_torrons_G_S_web_14_OCT_20249.jpg&quot;},{&quot;id&quot;:441,&quot;url&quot;:&quot;https:\\\/\\\/torronsgarciasirvent.es\\\/wp-content\\\/uploads\\\/2024\\\/10\\\/1920x1080_home_torrons_G_S_web_14_OCT_20248.jpg&quot;},{&quot;id&quot;:437,&quot;url&quot;:&quot;https:\\\/\\\/torronsgarciasirvent.es\\\/wp-content\\\/uploads\\\/2024\\\/10\\\/1920x1080_home_torrons_G_S_web_14_OCT_20247.jpg&quot;},{&quot;id&quot;:434,&quot;url&quot;:&quot;https:\\\/\\\/torronsgarciasirvent.es\\\/wp-content\\\/uploads\\\/2024\\\/10\\\/1920x1080_home_torrons_G_S_web_14_OCT_20246.jpg&quot;}],&quot;background_slideshow_slide_duration&quot;:2500,&quot;background_slideshow_transition_duration&quot;:2500,&quot;animation&quot;:&quot;fadeIn&quot;,&quot;background_slideshow_loop&quot;:&quot;yes&quot;,&quot;background_slideshow_slide_transition&quot;:&quot;fade&quot;}\">\n\t\t\t\t\t<div class=\"e-con-inner\">\n\t\t\t\t<div class=\"elementor-element elementor-element-f3d8d1c animated-slow elementor-invisible elementor-widget elementor-widget-heading\" data-id=\"f3d8d1c\" data-element_type=\"widget\" data-e-type=\"widget\" data-settings=\"{&quot;_animation&quot;:&quot;fadeIn&quot;,&quot;_animation_delay&quot;:600}\" data-widget_type=\"heading.default\">\n\t\t\t\t<div class=\"elementor-widget-container\">\n\t\t\t\t\t<h1 class=\"elementor-heading-title elementor-size-default\"><strong><i>La Saga de Torrons Garc\u00eda Sirvent:<\/i><\/strong> <br>Pasi\u00f3n, Tradici\u00f3n y Calidad. Desde 1940. <\/h1>\t\t\t\t<\/div>\n\t\t\t\t<\/div>\n\t\t\t\t<div class=\"elementor-element elementor-element-a09e279 elementor-widget elementor-widget-button\" data-id=\"a09e279\" data-element_type=\"widget\" data-e-type=\"widget\" data-widget_type=\"button.default\">\n\t\t\t\t<div class=\"elementor-widget-container\">\n\t\t\t\t\t\t\t\t\t<div class=\"elementor-button-wrapper\">\n\t\t\t\t\t<a class=\"elementor-button elementor-button-link elementor-size-sm\" href=\"https:\/\/torronsgarciasirvent.es\/es\/tienda\/\">\n\t\t\t\t\t\t<span class=\"elementor-button-content-wrapper\">\n\t\t\t\t\t\t\t\t\t<span class=\"elementor-button-text\">Ver productos<\/span>\n\t\t\t\t\t<\/span>\n\t\t\t\t\t<\/a>\n\t\t\t\t<\/div>\n\t\t\t\t\t\t\t\t<\/div>\n\t\t\t\t<\/div>\n\t\t\t\t\t<\/div>\n\t\t\t\t<\/div>\n\t\t\t\t<\/div>\n\t\t","protected":false},"excerpt":{"rendered":"<p>Garc\u00eda Sirvent es una empresa familiar de Maestros Turroneros. Somos ya la tercera generaci\u00f3n, manteniendo la pasi\u00f3n por las cosas bien hechas. Alrededor del a\u00f1o 1940, los intr\u00e9pidos jijonencos David Garc\u00eda Sirvent y su amada esposa Elvira Miquel Miquel emprendieron un viaje hacia Catalu\u00f1a, dejando tras de s\u00ed las tierras de Jijona para una nueva [&hellip;]<\/p>\n","protected":false},"author":1,"featured_media":0,"parent":0,"menu_order":0,"comment_status":"closed","ping_status":"closed","template":"","meta":{"footnotes":""},"class_list":["post-1632","page","type-page","status-publish","hentry"],"_links":{"self":[{"href":"https:\/\/torronsgarciasirvent.es\/es\/wp-json\/wp\/v2\/pages\/1632","targetHints":{"allow":["GET"]}}],"collection":[{"href":"https:\/\/torronsgarciasirvent.es\/es\/wp-json\/wp\/v2\/pages"}],"about":[{"href":"https:\/\/torronsgarciasirvent.es\/es\/wp-json\/wp\/v2\/types\/page"}],"author":[{"embeddable":true,"href":"https:\/\/torronsgarciasirvent.es\/es\/wp-json\/wp\/v2\/users\/1"}],"replies":[{"embeddable":true,"href":"https:\/\/torronsgarciasirvent.es\/es\/wp-json\/wp\/v2\/comments?post=1632"}],"version-history":[{"count":15,"href":"https:\/\/torronsgarciasirvent.es\/es\/wp-json\/wp\/v2\/pages\/1632\/revisions"}],"predecessor-version":[{"id":1835,"href":"https:\/\/torronsgarciasirvent.es\/es\/wp-json\/wp\/v2\/pages\/1632\/revisions\/1835"}],"wp:attachment":[{"href":"https:\/\/torronsgarciasirvent.es\/es\/wp-json\/wp\/v2\/media?parent=1632"}],"curies":[{"name":"wp","href":"https:\/\/api.w.org\/{rel}","templated":true}]}}