{"id":123,"date":"2024-09-27T10:06:15","date_gmt":"2024-09-27T09:06:15","guid":{"rendered":"https:\/\/torronsgarciasirvent.es\/?post_type=product&#038;p=123"},"modified":"2025-10-29T18:46:02","modified_gmt":"2025-10-29T17:46:02","slug":"pinyonets","status":"publish","type":"product","link":"https:\/\/torronsgarciasirvent.es\/es\/producto\/pinyonets\/","title":{"rendered":"Pinyonets"},"content":{"rendered":"<p>Piny\u00f2 castell\u00e0, sucre, goma ar\u00e0biga i agent de recobriment (cera d&#8217;abella i cera de\u00a0carnauba). Pot contenir traces de CACAUET i ALTRES FRUITS DE CLOSCA. SENSE\u00a0GLUTEN.<br \/>\nConservar en lloc fresc i sec. (T\u00aa&lt;25 \u00b0C \/ 50%RH).<\/p>\n","protected":false},"excerpt":{"rendered":"<p>Descobreix els nostres pinyons torrats, recoberts d&#8217;una fina capa de dol\u00e7 sucre. SENSE GLUTEN<\/p>\n","protected":false},"featured_media":136,"template":"","meta":[],"product_brand":[],"product_cat":[74,46,77],"product_tag":[],"class_list":{"0":"post-123","1":"product","2":"type-product","3":"status-publish","4":"has-post-thumbnail","6":"product_cat-peladilles","7":"product_cat-sense-gluten","8":"product_cat-vega","10":"first","11":"instock","12":"taxable","13":"shipping-taxable","14":"purchasable","15":"product-type-simple"},"_links":{"self":[{"href":"https:\/\/torronsgarciasirvent.es\/es\/wp-json\/wp\/v2\/product\/123","targetHints":{"allow":["GET"]}}],"collection":[{"href":"https:\/\/torronsgarciasirvent.es\/es\/wp-json\/wp\/v2\/product"}],"about":[{"href":"https:\/\/torronsgarciasirvent.es\/es\/wp-json\/wp\/v2\/types\/product"}],"version-history":[{"count":2,"href":"https:\/\/torronsgarciasirvent.es\/es\/wp-json\/wp\/v2\/product\/123\/revisions"}],"predecessor-version":[{"id":1659,"href":"https:\/\/torronsgarciasirvent.es\/es\/wp-json\/wp\/v2\/product\/123\/revisions\/1659"}],"wp:featuredmedia":[{"embeddable":true,"href":"https:\/\/torronsgarciasirvent.es\/es\/wp-json\/wp\/v2\/media\/136"}],"wp:attachment":[{"href":"https:\/\/torronsgarciasirvent.es\/es\/wp-json\/wp\/v2\/media?parent=123"}],"wp:term":[{"taxonomy":"product_brand","embeddable":true,"href":"https:\/\/torronsgarciasirvent.es\/es\/wp-json\/wp\/v2\/product_brand?post=123"},{"taxonomy":"product_cat","embeddable":true,"href":"https:\/\/torronsgarciasirvent.es\/es\/wp-json\/wp\/v2\/product_cat?post=123"},{"taxonomy":"product_tag","embeddable":true,"href":"https:\/\/torronsgarciasirvent.es\/es\/wp-json\/wp\/v2\/product_tag?post=123"}],"curies":[{"name":"wp","href":"https:\/\/api.w.org\/{rel}","templated":true}]}}