{"id":127,"date":"2024-09-27T10:21:40","date_gmt":"2024-09-27T09:21:40","guid":{"rendered":"https:\/\/torronsgarciasirvent.es\/?post_type=product&#038;p=127"},"modified":"2025-10-29T18:38:36","modified_gmt":"2025-10-29T17:38:36","slug":"petons-de-maduixa","status":"publish","type":"product","link":"https:\/\/torronsgarciasirvent.es\/es\/producto\/petons-de-maduixa\/","title":{"rendered":"Petons de maduixa"},"content":{"rendered":"<p>Maduixa deshidratada (Maduixa, sucre, \u00e0cid c\u00edtric, di\u00f2xid de sulfur (SULFITS) i colorant Vermell\u00a0Allura\u00a0AC), cobertura de xocolata blanca (Sucre, mantega de cacau, LLET en pols, emulgent (lecitina de SOJA) i aroma) i cacau en pols. Pot contenir traces de CACAUET i\u00a0FRUITS\u00a0DE CLOSCA. SENSE GLUTEN.<br \/>\nMantenir en lloc fresc i sec, allunyat de focus de calor. (T\u00aa&lt;25 \u00b0C\/50%RH).<br \/>\nEl colorant vermell pot tenir efectes negatius sobre l&#8217;activitat i atenci\u00f3 dels nens.<\/p>\n","protected":false},"excerpt":{"rendered":"<p>Nucli de maduixa deshidratada, cobertura de xocolata blanca i empolvorat amb cacau en pols. SENSE GLUTEN<\/p>\n","protected":false},"featured_media":140,"template":"","meta":[],"product_brand":[],"product_cat":[75,46],"product_tag":[],"class_list":{"0":"post-127","1":"product","2":"type-product","3":"status-publish","4":"has-post-thumbnail","6":"product_cat-bombons","7":"product_cat-sense-gluten","9":"first","10":"instock","11":"taxable","12":"shipping-taxable","13":"purchasable","14":"product-type-simple"},"_links":{"self":[{"href":"https:\/\/torronsgarciasirvent.es\/es\/wp-json\/wp\/v2\/product\/127","targetHints":{"allow":["GET"]}}],"collection":[{"href":"https:\/\/torronsgarciasirvent.es\/es\/wp-json\/wp\/v2\/product"}],"about":[{"href":"https:\/\/torronsgarciasirvent.es\/es\/wp-json\/wp\/v2\/types\/product"}],"version-history":[{"count":1,"href":"https:\/\/torronsgarciasirvent.es\/es\/wp-json\/wp\/v2\/product\/127\/revisions"}],"predecessor-version":[{"id":1429,"href":"https:\/\/torronsgarciasirvent.es\/es\/wp-json\/wp\/v2\/product\/127\/revisions\/1429"}],"wp:featuredmedia":[{"embeddable":true,"href":"https:\/\/torronsgarciasirvent.es\/es\/wp-json\/wp\/v2\/media\/140"}],"wp:attachment":[{"href":"https:\/\/torronsgarciasirvent.es\/es\/wp-json\/wp\/v2\/media?parent=127"}],"wp:term":[{"taxonomy":"product_brand","embeddable":true,"href":"https:\/\/torronsgarciasirvent.es\/es\/wp-json\/wp\/v2\/product_brand?post=127"},{"taxonomy":"product_cat","embeddable":true,"href":"https:\/\/torronsgarciasirvent.es\/es\/wp-json\/wp\/v2\/product_cat?post=127"},{"taxonomy":"product_tag","embeddable":true,"href":"https:\/\/torronsgarciasirvent.es\/es\/wp-json\/wp\/v2\/product_tag?post=127"}],"curies":[{"name":"wp","href":"https:\/\/api.w.org\/{rel}","templated":true}]}}