{"id":1524,"date":"2024-10-23T15:27:00","date_gmt":"2024-10-23T14:27:00","guid":{"rendered":"https:\/\/torronsgarciasirvent.es\/turron-artesano-de-fruta\/"},"modified":"2025-09-24T08:23:55","modified_gmt":"2025-09-24T07:23:55","slug":"turron-artesano-de-fruta","status":"publish","type":"product","link":"https:\/\/torronsgarciasirvent.es\/es\/producto\/turron-artesano-de-fruta\/","title":{"rendered":"Turr\u00f3n artesano de Fruta"},"content":{"rendered":"","protected":false},"excerpt":{"rendered":"<p>Es el Mazapan (almendras y az\u00facar ecol\u00f3gico) tradicional con frutas glaseadas. Destaca la variedad de frutas. Se puede encontrar calabaza, sand\u00eda, naranja, alfic\u00f3s y cerezas. El color de las frutas es el resultado de sumergir repetidas veces la fruta en alm\u00edbar.   <\/p>\n<p>Sin gluten ni lactosa<\/p>\n","protected":false},"featured_media":904,"template":"","meta":[],"product_brand":[],"product_cat":[58,57,79],"product_tag":[],"class_list":{"0":"post-1524","1":"product","2":"type-product","3":"status-publish","4":"has-post-thumbnail","6":"product_cat-sin-categoria","7":"product_cat-turrones","8":"product_cat-vegano","10":"first","11":"instock","12":"taxable","13":"shipping-taxable","14":"purchasable","15":"product-type-variable"},"_links":{"self":[{"href":"https:\/\/torronsgarciasirvent.es\/es\/wp-json\/wp\/v2\/product\/1524","targetHints":{"allow":["GET"]}}],"collection":[{"href":"https:\/\/torronsgarciasirvent.es\/es\/wp-json\/wp\/v2\/product"}],"about":[{"href":"https:\/\/torronsgarciasirvent.es\/es\/wp-json\/wp\/v2\/types\/product"}],"version-history":[{"count":2,"href":"https:\/\/torronsgarciasirvent.es\/es\/wp-json\/wp\/v2\/product\/1524\/revisions"}],"predecessor-version":[{"id":1917,"href":"https:\/\/torronsgarciasirvent.es\/es\/wp-json\/wp\/v2\/product\/1524\/revisions\/1917"}],"wp:featuredmedia":[{"embeddable":true,"href":"https:\/\/torronsgarciasirvent.es\/es\/wp-json\/wp\/v2\/media\/904"}],"wp:attachment":[{"href":"https:\/\/torronsgarciasirvent.es\/es\/wp-json\/wp\/v2\/media?parent=1524"}],"wp:term":[{"taxonomy":"product_brand","embeddable":true,"href":"https:\/\/torronsgarciasirvent.es\/es\/wp-json\/wp\/v2\/product_brand?post=1524"},{"taxonomy":"product_cat","embeddable":true,"href":"https:\/\/torronsgarciasirvent.es\/es\/wp-json\/wp\/v2\/product_cat?post=1524"},{"taxonomy":"product_tag","embeddable":true,"href":"https:\/\/torronsgarciasirvent.es\/es\/wp-json\/wp\/v2\/product_tag?post=1524"}],"curies":[{"name":"wp","href":"https:\/\/api.w.org\/{rel}","templated":true}]}}