{"id":1530,"date":"2024-10-23T15:25:39","date_gmt":"2024-10-23T14:25:39","guid":{"rendered":"https:\/\/torronsgarciasirvent.es\/turron-artesano-de-yema-con-canela\/"},"modified":"2025-06-03T15:27:55","modified_gmt":"2025-06-03T14:27:55","slug":"turron-artesano-de-yema-con-canela","status":"publish","type":"product","link":"https:\/\/torronsgarciasirvent.es\/es\/producto\/turron-artesano-de-yema-con-canela\/","title":{"rendered":"Turr\u00f3n artesano de yema con canela"},"content":{"rendered":"","protected":false},"excerpt":{"rendered":"<p>Este producto s\u00f3lo est\u00e1 disponible durante la temporada de Navidad.<\/p>\n<p>Tambi\u00e9n conocido como \u00abde canela\u00bb es otro cl\u00e1sico. En el mazap\u00e1n incorporamos la yema del huevo y le ponemos polvo de canela.<br \/>\nSin gluten ni lactosa.<\/p>\n","protected":false},"featured_media":907,"template":"","meta":[],"product_brand":[],"product_cat":[58,57],"product_tag":[],"class_list":{"0":"post-1530","1":"product","2":"type-product","3":"status-publish","4":"has-post-thumbnail","6":"product_cat-sin-categoria","7":"product_cat-turrones","9":"first","10":"instock","11":"taxable","12":"shipping-taxable","13":"purchasable","14":"product-type-variable"},"_links":{"self":[{"href":"https:\/\/torronsgarciasirvent.es\/es\/wp-json\/wp\/v2\/product\/1530","targetHints":{"allow":["GET"]}}],"collection":[{"href":"https:\/\/torronsgarciasirvent.es\/es\/wp-json\/wp\/v2\/product"}],"about":[{"href":"https:\/\/torronsgarciasirvent.es\/es\/wp-json\/wp\/v2\/types\/product"}],"version-history":[{"count":1,"href":"https:\/\/torronsgarciasirvent.es\/es\/wp-json\/wp\/v2\/product\/1530\/revisions"}],"predecessor-version":[{"id":1535,"href":"https:\/\/torronsgarciasirvent.es\/es\/wp-json\/wp\/v2\/product\/1530\/revisions\/1535"}],"wp:featuredmedia":[{"embeddable":true,"href":"https:\/\/torronsgarciasirvent.es\/es\/wp-json\/wp\/v2\/media\/907"}],"wp:attachment":[{"href":"https:\/\/torronsgarciasirvent.es\/es\/wp-json\/wp\/v2\/media?parent=1530"}],"wp:term":[{"taxonomy":"product_brand","embeddable":true,"href":"https:\/\/torronsgarciasirvent.es\/es\/wp-json\/wp\/v2\/product_brand?post=1530"},{"taxonomy":"product_cat","embeddable":true,"href":"https:\/\/torronsgarciasirvent.es\/es\/wp-json\/wp\/v2\/product_cat?post=1530"},{"taxonomy":"product_tag","embeddable":true,"href":"https:\/\/torronsgarciasirvent.es\/es\/wp-json\/wp\/v2\/product_tag?post=1530"}],"curies":[{"name":"wp","href":"https:\/\/api.w.org\/{rel}","templated":true}]}}