{"id":1536,"date":"2024-11-13T20:21:18","date_gmt":"2024-11-13T19:21:18","guid":{"rendered":"https:\/\/torronsgarciasirvent.es\/turron-artesano-de-jijona\/"},"modified":"2025-06-03T15:23:39","modified_gmt":"2025-06-03T14:23:39","slug":"turron-artesano-de-jijona","status":"publish","type":"product","link":"https:\/\/torronsgarciasirvent.es\/es\/producto\/turron-artesano-de-jijona\/","title":{"rendered":"Turr\u00f3n artesano de Jijona"},"content":{"rendered":"","protected":false},"excerpt":{"rendered":"<p>Se caracteriza por su textura aceitosa. Para nosotros es el turr\u00f3n m\u00e1s cl\u00e1sico e importante. Es la variedad de turr\u00f3n que necesita m\u00e1s tiempo de elaboraci\u00f3n. Debe estar tostado en su punto para que resalte ligeramente la almendra marcona y la miel de naranjo. Para obtener la mezcla tambi\u00e9n utilizamos un poco de az\u00facar y clara de huevo.    <\/p>\n<p>Sin gluten ni lactosa<\/p>\n","protected":false},"featured_media":864,"template":"","meta":[],"product_brand":[],"product_cat":[58,57],"product_tag":[82],"class_list":{"0":"post-1536","1":"product","2":"type-product","3":"status-publish","4":"has-post-thumbnail","6":"product_cat-sin-categoria","7":"product_cat-turrones","8":"product_tag-xixona_es","10":"first","11":"instock","12":"featured","13":"taxable","14":"shipping-taxable","15":"purchasable","16":"product-type-variable"},"_links":{"self":[{"href":"https:\/\/torronsgarciasirvent.es\/es\/wp-json\/wp\/v2\/product\/1536","targetHints":{"allow":["GET"]}}],"collection":[{"href":"https:\/\/torronsgarciasirvent.es\/es\/wp-json\/wp\/v2\/product"}],"about":[{"href":"https:\/\/torronsgarciasirvent.es\/es\/wp-json\/wp\/v2\/types\/product"}],"version-history":[{"count":1,"href":"https:\/\/torronsgarciasirvent.es\/es\/wp-json\/wp\/v2\/product\/1536\/revisions"}],"predecessor-version":[{"id":1914,"href":"https:\/\/torronsgarciasirvent.es\/es\/wp-json\/wp\/v2\/product\/1536\/revisions\/1914"}],"wp:featuredmedia":[{"embeddable":true,"href":"https:\/\/torronsgarciasirvent.es\/es\/wp-json\/wp\/v2\/media\/864"}],"wp:attachment":[{"href":"https:\/\/torronsgarciasirvent.es\/es\/wp-json\/wp\/v2\/media?parent=1536"}],"wp:term":[{"taxonomy":"product_brand","embeddable":true,"href":"https:\/\/torronsgarciasirvent.es\/es\/wp-json\/wp\/v2\/product_brand?post=1536"},{"taxonomy":"product_cat","embeddable":true,"href":"https:\/\/torronsgarciasirvent.es\/es\/wp-json\/wp\/v2\/product_cat?post=1536"},{"taxonomy":"product_tag","embeddable":true,"href":"https:\/\/torronsgarciasirvent.es\/es\/wp-json\/wp\/v2\/product_tag?post=1536"}],"curies":[{"name":"wp","href":"https:\/\/api.w.org\/{rel}","templated":true}]}}