{"id":1540,"date":"2024-10-23T15:28:56","date_gmt":"2024-10-23T14:28:56","guid":{"rendered":"https:\/\/torronsgarciasirvent.es\/polvorones-artesanos-de-almendra-marcona-450-gr\/"},"modified":"2025-06-03T15:24:36","modified_gmt":"2025-06-03T14:24:36","slug":"polvorones-artesanos-de-almendra-marcona-450-gr","status":"publish","type":"product","link":"https:\/\/torronsgarciasirvent.es\/es\/producto\/polvorones-artesanos-de-almendra-marcona-450-gr\/","title":{"rendered":"Polvorones artesanos de almendra marcona 450 gr"},"content":{"rendered":"","protected":false},"excerpt":{"rendered":"<p>12 POLVORONES EN CAJA 450 gr<\/p>\n<p>Con un 40% de harina de almendra marcona de pa\u00eds tostada, la mezclamos con harina de trigo, az\u00facar, manteca, canela y piel de lim\u00f3n natural. Tiene una textura suave y nada empalagosa. Cuando los comemos estallan los aromas en la boca dejando un gusto exquisito en el paladar.  <\/p>\n<p>Lleva gluten, trazas de huevo, soja y lactosa.<\/p>\n","protected":false},"featured_media":898,"template":"","meta":[],"product_brand":[],"product_cat":[59],"product_tag":[],"class_list":{"0":"post-1540","1":"product","2":"type-product","3":"status-publish","4":"has-post-thumbnail","6":"product_cat-polvorones","8":"first","9":"instock","10":"featured","11":"taxable","12":"shipping-taxable","13":"purchasable","14":"product-type-simple"},"_links":{"self":[{"href":"https:\/\/torronsgarciasirvent.es\/es\/wp-json\/wp\/v2\/product\/1540","targetHints":{"allow":["GET"]}}],"collection":[{"href":"https:\/\/torronsgarciasirvent.es\/es\/wp-json\/wp\/v2\/product"}],"about":[{"href":"https:\/\/torronsgarciasirvent.es\/es\/wp-json\/wp\/v2\/types\/product"}],"version-history":[{"count":2,"href":"https:\/\/torronsgarciasirvent.es\/es\/wp-json\/wp\/v2\/product\/1540\/revisions"}],"predecessor-version":[{"id":1915,"href":"https:\/\/torronsgarciasirvent.es\/es\/wp-json\/wp\/v2\/product\/1540\/revisions\/1915"}],"wp:featuredmedia":[{"embeddable":true,"href":"https:\/\/torronsgarciasirvent.es\/es\/wp-json\/wp\/v2\/media\/898"}],"wp:attachment":[{"href":"https:\/\/torronsgarciasirvent.es\/es\/wp-json\/wp\/v2\/media?parent=1540"}],"wp:term":[{"taxonomy":"product_brand","embeddable":true,"href":"https:\/\/torronsgarciasirvent.es\/es\/wp-json\/wp\/v2\/product_brand?post=1540"},{"taxonomy":"product_cat","embeddable":true,"href":"https:\/\/torronsgarciasirvent.es\/es\/wp-json\/wp\/v2\/product_cat?post=1540"},{"taxonomy":"product_tag","embeddable":true,"href":"https:\/\/torronsgarciasirvent.es\/es\/wp-json\/wp\/v2\/product_tag?post=1540"}],"curies":[{"name":"wp","href":"https:\/\/api.w.org\/{rel}","templated":true}]}}