{"id":1543,"date":"2024-10-23T15:24:39","date_gmt":"2024-10-23T14:24:39","guid":{"rendered":"https:\/\/torronsgarciasirvent.es\/turron-artesano-de-yema-quemada\/"},"modified":"2025-06-03T15:28:40","modified_gmt":"2025-06-03T14:28:40","slug":"turron-artesano-de-yema-quemada","status":"publish","type":"product","link":"https:\/\/torronsgarciasirvent.es\/es\/producto\/turron-artesano-de-yema-quemada\/","title":{"rendered":"Turr\u00f3n artesano de yema quemada"},"content":{"rendered":"","protected":false},"excerpt":{"rendered":"<p><span class=\"Cap\">Es el m\u00e1s apreciado<\/span> <span class=\"Cap\">y caracter\u00edstico.<\/span><span class=\"Cap\">de Catalu\u00f1a. Se elabora a partir de una base de almendras <\/span><span class=\"Cap\">oltas mezcladas con yema de huevo y az\u00facar deshecho con agua. La mezcla se coloca en un caj\u00f3n de madera especial. Cuando est\u00e1 ya fr\u00edo, se corta en forma de barras y en la parte superior del turr\u00f3n se esparce una fina capa de az\u00facar y se quema con una plancha ardiente para conseguir as\u00ed una textura m\u00e1s sofisticada.   Sin gluten ni lactosa<\/span><\/p>\n","protected":false},"featured_media":886,"template":"","meta":[],"product_brand":[],"product_cat":[58,57],"product_tag":[],"class_list":{"0":"post-1543","1":"product","2":"type-product","3":"status-publish","4":"has-post-thumbnail","6":"product_cat-sin-categoria","7":"product_cat-turrones","9":"first","10":"instock","11":"featured","12":"taxable","13":"shipping-taxable","14":"purchasable","15":"product-type-variable"},"_links":{"self":[{"href":"https:\/\/torronsgarciasirvent.es\/es\/wp-json\/wp\/v2\/product\/1543","targetHints":{"allow":["GET"]}}],"collection":[{"href":"https:\/\/torronsgarciasirvent.es\/es\/wp-json\/wp\/v2\/product"}],"about":[{"href":"https:\/\/torronsgarciasirvent.es\/es\/wp-json\/wp\/v2\/types\/product"}],"version-history":[{"count":1,"href":"https:\/\/torronsgarciasirvent.es\/es\/wp-json\/wp\/v2\/product\/1543\/revisions"}],"predecessor-version":[{"id":1918,"href":"https:\/\/torronsgarciasirvent.es\/es\/wp-json\/wp\/v2\/product\/1543\/revisions\/1918"}],"wp:featuredmedia":[{"embeddable":true,"href":"https:\/\/torronsgarciasirvent.es\/es\/wp-json\/wp\/v2\/media\/886"}],"wp:attachment":[{"href":"https:\/\/torronsgarciasirvent.es\/es\/wp-json\/wp\/v2\/media?parent=1543"}],"wp:term":[{"taxonomy":"product_brand","embeddable":true,"href":"https:\/\/torronsgarciasirvent.es\/es\/wp-json\/wp\/v2\/product_brand?post=1543"},{"taxonomy":"product_cat","embeddable":true,"href":"https:\/\/torronsgarciasirvent.es\/es\/wp-json\/wp\/v2\/product_cat?post=1543"},{"taxonomy":"product_tag","embeddable":true,"href":"https:\/\/torronsgarciasirvent.es\/es\/wp-json\/wp\/v2\/product_tag?post=1543"}],"curies":[{"name":"wp","href":"https:\/\/api.w.org\/{rel}","templated":true}]}}