{"id":1551,"date":"2024-10-23T15:23:20","date_gmt":"2024-10-23T14:23:20","guid":{"rendered":"https:\/\/torronsgarciasirvent.es\/torta-artesana-de-200gr\/"},"modified":"2025-06-03T15:32:05","modified_gmt":"2025-06-03T14:32:05","slug":"torta-artesana-de-200gr","status":"publish","type":"product","link":"https:\/\/torronsgarciasirvent.es\/es\/producto\/torta-artesana-de-200gr\/","title":{"rendered":"Torta artesana de 200gr"},"content":{"rendered":"","protected":false},"excerpt":{"rendered":"<p>Las Tortas de Alicante tambi\u00e9n son conocidas como \u00abImperiales\u00bb La masa del turr\u00f3n de Alicante (almendras marconas, miel de naranjo, az\u00facar y clara de huevo) es moldeada manualmente en caliente hasta conseguir un formato redondo y fino, cubierto por dos l\u00e1minas de pan de \u00e1ngel (f\u00e9cula de patata y aceite de girasol).<\/p>\n<p>Las almendras marconas enteras en una sola capa y la textura del pan de \u00e1ngel las hace muy agradables y f\u00e1ciles de comer.<br \/>\nSin gluten ni lactosa.<\/p>\n","protected":false},"featured_media":910,"template":"","meta":[],"product_brand":[],"product_cat":[58,57],"product_tag":[82],"class_list":{"0":"post-1551","1":"product","2":"type-product","3":"status-publish","4":"has-post-thumbnail","6":"product_cat-sin-categoria","7":"product_cat-turrones","8":"product_tag-xixona_es","10":"first","11":"outofstock","12":"taxable","13":"shipping-taxable","14":"purchasable","15":"product-type-variable"},"_links":{"self":[{"href":"https:\/\/torronsgarciasirvent.es\/es\/wp-json\/wp\/v2\/product\/1551","targetHints":{"allow":["GET"]}}],"collection":[{"href":"https:\/\/torronsgarciasirvent.es\/es\/wp-json\/wp\/v2\/product"}],"about":[{"href":"https:\/\/torronsgarciasirvent.es\/es\/wp-json\/wp\/v2\/types\/product"}],"version-history":[{"count":1,"href":"https:\/\/torronsgarciasirvent.es\/es\/wp-json\/wp\/v2\/product\/1551\/revisions"}],"predecessor-version":[{"id":1811,"href":"https:\/\/torronsgarciasirvent.es\/es\/wp-json\/wp\/v2\/product\/1551\/revisions\/1811"}],"wp:featuredmedia":[{"embeddable":true,"href":"https:\/\/torronsgarciasirvent.es\/es\/wp-json\/wp\/v2\/media\/910"}],"wp:attachment":[{"href":"https:\/\/torronsgarciasirvent.es\/es\/wp-json\/wp\/v2\/media?parent=1551"}],"wp:term":[{"taxonomy":"product_brand","embeddable":true,"href":"https:\/\/torronsgarciasirvent.es\/es\/wp-json\/wp\/v2\/product_brand?post=1551"},{"taxonomy":"product_cat","embeddable":true,"href":"https:\/\/torronsgarciasirvent.es\/es\/wp-json\/wp\/v2\/product_cat?post=1551"},{"taxonomy":"product_tag","embeddable":true,"href":"https:\/\/torronsgarciasirvent.es\/es\/wp-json\/wp\/v2\/product_tag?post=1551"}],"curies":[{"name":"wp","href":"https:\/\/api.w.org\/{rel}","templated":true}]}}