{"id":1558,"date":"2024-09-27T10:45:20","date_gmt":"2024-09-27T09:45:20","guid":{"rendered":"https:\/\/torronsgarciasirvent.es\/almendras-rellenas-de-turron-en-la-piedra-sin-azucar-anadido\/"},"modified":"2024-09-27T10:45:20","modified_gmt":"2024-09-27T09:45:20","slug":"almendras-rellenas-de-turron-en-la-piedra-sin-azucar-anadido","status":"publish","type":"product","link":"https:\/\/torronsgarciasirvent.es\/es\/producto\/almendras-rellenas-de-turron-en-la-piedra-sin-azucar-anadido\/","title":{"rendered":"Almendras rellenas de turr\u00f3n en la piedra sin az\u00facar a\u00f1adido"},"content":{"rendered":"<p>ALMENDRA marcona, maltitol, piel de lim\u00f3n natural y canela mucha, c\u00e1scara (harina de TRIGO, emulgente (lecitina de SOJA), agente gasificante (bicarbonato s\u00f3dico (E500ii)). Puede contener trazas de CACAUETE, MOSTASA, SOJA y LACTOSA.<br \/>\nConservar en lugar fresco y seco.(T\u00aa&lt;25\u00baC\/50%RH).<\/p>\n","protected":false},"excerpt":{"rendered":"<p>C\u00e1scara en forma de almendra, rellena de turr\u00f3n en la piedra sin az\u00facar a\u00f1adido.<\/p>\n","protected":false},"featured_media":195,"template":"","meta":[],"product_brand":[],"product_cat":[83,57,79],"product_tag":[],"class_list":{"0":"post-1558","1":"product","2":"type-product","3":"status-publish","4":"has-post-thumbnail","6":"product_cat-sin-azucar","7":"product_cat-turrones","8":"product_cat-vegano","10":"first","11":"outofstock","12":"taxable","13":"shipping-taxable","14":"purchasable","15":"product-type-variable"},"_links":{"self":[{"href":"https:\/\/torronsgarciasirvent.es\/es\/wp-json\/wp\/v2\/product\/1558","targetHints":{"allow":["GET"]}}],"collection":[{"href":"https:\/\/torronsgarciasirvent.es\/es\/wp-json\/wp\/v2\/product"}],"about":[{"href":"https:\/\/torronsgarciasirvent.es\/es\/wp-json\/wp\/v2\/types\/product"}],"version-history":[{"count":0,"href":"https:\/\/torronsgarciasirvent.es\/es\/wp-json\/wp\/v2\/product\/1558\/revisions"}],"wp:featuredmedia":[{"embeddable":true,"href":"https:\/\/torronsgarciasirvent.es\/es\/wp-json\/wp\/v2\/media\/195"}],"wp:attachment":[{"href":"https:\/\/torronsgarciasirvent.es\/es\/wp-json\/wp\/v2\/media?parent=1558"}],"wp:term":[{"taxonomy":"product_brand","embeddable":true,"href":"https:\/\/torronsgarciasirvent.es\/es\/wp-json\/wp\/v2\/product_brand?post=1558"},{"taxonomy":"product_cat","embeddable":true,"href":"https:\/\/torronsgarciasirvent.es\/es\/wp-json\/wp\/v2\/product_cat?post=1558"},{"taxonomy":"product_tag","embeddable":true,"href":"https:\/\/torronsgarciasirvent.es\/es\/wp-json\/wp\/v2\/product_tag?post=1558"}],"curies":[{"name":"wp","href":"https:\/\/api.w.org\/{rel}","templated":true}]}}