{"id":1561,"date":"2024-09-27T10:07:30","date_gmt":"2024-09-27T09:07:30","guid":{"rendered":"https:\/\/torronsgarciasirvent.es\/catametlla\/"},"modified":"2025-05-26T12:02:56","modified_gmt":"2025-05-26T11:02:56","slug":"catametlla","status":"publish","type":"product","link":"https:\/\/torronsgarciasirvent.es\/es\/producto\/catametlla\/","title":{"rendered":"Sirt\u00e0nies"},"content":{"rendered":"<p>Cobertura de chocolate blanco (az\u00facar, mantequilla de cacao, LECHE en polvo, emulgente (lecitina de SOJA) y aroma), Almendra marcona, az\u00facar y cacao en polvo. Puede contener trazas de CACAUETE y OTROS FRUTOS DE COSCA. SIN GLUTEN.<br \/>\nConservar en sitio fresco y seco. (T\u00aa&lt;25 \u00b0C \/ 50%RH)  <\/p>\n","protected":false},"excerpt":{"rendered":"<p>N\u00facleo de almendra marcona rodeada de az\u00facar caramelizado, cobertura de chocolate blanco y espolvoreado con cacao. SIN GLUTEN <\/p>\n","protected":false},"featured_media":209,"template":"","meta":[],"product_brand":[],"product_cat":[80,58],"product_tag":[],"class_list":{"0":"post-1561","1":"product","2":"type-product","3":"status-publish","4":"has-post-thumbnail","6":"product_cat-bombones","7":"product_cat-sin-categoria","9":"first","10":"instock","11":"featured","12":"taxable","13":"shipping-taxable","14":"purchasable","15":"product-type-variable"},"_links":{"self":[{"href":"https:\/\/torronsgarciasirvent.es\/es\/wp-json\/wp\/v2\/product\/1561","targetHints":{"allow":["GET"]}}],"collection":[{"href":"https:\/\/torronsgarciasirvent.es\/es\/wp-json\/wp\/v2\/product"}],"about":[{"href":"https:\/\/torronsgarciasirvent.es\/es\/wp-json\/wp\/v2\/types\/product"}],"version-history":[{"count":1,"href":"https:\/\/torronsgarciasirvent.es\/es\/wp-json\/wp\/v2\/product\/1561\/revisions"}],"predecessor-version":[{"id":1813,"href":"https:\/\/torronsgarciasirvent.es\/es\/wp-json\/wp\/v2\/product\/1561\/revisions\/1813"}],"wp:featuredmedia":[{"embeddable":true,"href":"https:\/\/torronsgarciasirvent.es\/es\/wp-json\/wp\/v2\/media\/209"}],"wp:attachment":[{"href":"https:\/\/torronsgarciasirvent.es\/es\/wp-json\/wp\/v2\/media?parent=1561"}],"wp:term":[{"taxonomy":"product_brand","embeddable":true,"href":"https:\/\/torronsgarciasirvent.es\/es\/wp-json\/wp\/v2\/product_brand?post=1561"},{"taxonomy":"product_cat","embeddable":true,"href":"https:\/\/torronsgarciasirvent.es\/es\/wp-json\/wp\/v2\/product_cat?post=1561"},{"taxonomy":"product_tag","embeddable":true,"href":"https:\/\/torronsgarciasirvent.es\/es\/wp-json\/wp\/v2\/product_tag?post=1561"}],"curies":[{"name":"wp","href":"https:\/\/api.w.org\/{rel}","templated":true}]}}