{"id":1570,"date":"2024-09-27T10:32:48","date_gmt":"2024-09-27T09:32:48","guid":{"rendered":"https:\/\/torronsgarciasirvent.es\/granos-de-cafe-con-chocolate\/"},"modified":"2024-09-27T10:32:48","modified_gmt":"2024-09-27T09:32:48","slug":"granos-de-cafe-con-chocolate","status":"publish","type":"product","link":"https:\/\/torronsgarciasirvent.es\/es\/producto\/granos-de-cafe-con-chocolate\/","title":{"rendered":"Granos de Caf\u00e9 con Chocolate"},"content":{"rendered":"<p>Descubre nuestros granos de caf\u00e9, recubiertos de una fina capa de az\u00facar y de una deliciosa cobertura de chocolate negro. SIN GLUTEN <\/p>\n","protected":false},"excerpt":{"rendered":"<p>Cobertura de chocolate negro 70% cacao (pasta de cacao, az\u00facar, mantequilla de cacao y aroma de vainilla), grano de caf\u00e9 y agentes de recubrimiento (jarabe de glucosa, agua, maltodextrina, estabilizador (E414), aceite vegetal (aceite de palma ), acidulante (E330), conservante (E202)). Puede contener TRAZAS DE CACACETE, OTROS FRUTOS DE COSCA, SOJA y\/o LECHE\/LACTOSA. SIN GLUTEN. Conservar en sitio fresco y seco. (T\u00aa&lt;25 \u00b0C\/50%RH).   <\/p>\n","protected":false},"featured_media":225,"template":"","meta":[],"product_brand":[],"product_cat":[80,58],"product_tag":[],"class_list":{"0":"post-1570","1":"product","2":"type-product","3":"status-publish","4":"has-post-thumbnail","6":"product_cat-bombones","7":"product_cat-sin-categoria","9":"first","10":"instock","11":"taxable","12":"shipping-taxable","13":"purchasable","14":"product-type-simple"},"_links":{"self":[{"href":"https:\/\/torronsgarciasirvent.es\/es\/wp-json\/wp\/v2\/product\/1570","targetHints":{"allow":["GET"]}}],"collection":[{"href":"https:\/\/torronsgarciasirvent.es\/es\/wp-json\/wp\/v2\/product"}],"about":[{"href":"https:\/\/torronsgarciasirvent.es\/es\/wp-json\/wp\/v2\/types\/product"}],"version-history":[{"count":0,"href":"https:\/\/torronsgarciasirvent.es\/es\/wp-json\/wp\/v2\/product\/1570\/revisions"}],"wp:featuredmedia":[{"embeddable":true,"href":"https:\/\/torronsgarciasirvent.es\/es\/wp-json\/wp\/v2\/media\/225"}],"wp:attachment":[{"href":"https:\/\/torronsgarciasirvent.es\/es\/wp-json\/wp\/v2\/media?parent=1570"}],"wp:term":[{"taxonomy":"product_brand","embeddable":true,"href":"https:\/\/torronsgarciasirvent.es\/es\/wp-json\/wp\/v2\/product_brand?post=1570"},{"taxonomy":"product_cat","embeddable":true,"href":"https:\/\/torronsgarciasirvent.es\/es\/wp-json\/wp\/v2\/product_cat?post=1570"},{"taxonomy":"product_tag","embeddable":true,"href":"https:\/\/torronsgarciasirvent.es\/es\/wp-json\/wp\/v2\/product_tag?post=1570"}],"curies":[{"name":"wp","href":"https:\/\/api.w.org\/{rel}","templated":true}]}}