{"id":1571,"date":"2024-09-27T10:03:41","date_gmt":"2024-09-27T09:03:41","guid":{"rendered":"https:\/\/torronsgarciasirvent.es\/coquitos\/"},"modified":"2024-09-27T10:03:41","modified_gmt":"2024-09-27T09:03:41","slug":"coquitos","status":"publish","type":"product","link":"https:\/\/torronsgarciasirvent.es\/es\/producto\/coquitos\/","title":{"rendered":"Coquitos"},"content":{"rendered":"<p>Coco (Coco, almid\u00f3n de TRIGO sin gluten, jarabe de glucosa-fructosa, az\u00facar, dextrosa, gelatina (bovina) y sal), Cobertura chocolate negro al 70% de cacao (Pasta de cacao, az\u00facar, mantequilla de cacao y aroma de vainilla ) y az\u00facar. Puede contener trazas de OTROS FRUTOS DE COSCA, CACACETE, SOJA Y LACTOSA.<br \/>\nConservar en lugar fresco y seco.(T\u00aa&lt;25 \u00b0C\/50%RH). <\/p>\n","protected":false},"excerpt":{"rendered":"<p>Dados de coco natural deshidratado recubierto de chocolate puro al 70% de cacao, todo ello cubierto de az\u00facar glas. <\/p>\n","protected":false},"featured_media":203,"template":"","meta":[],"product_brand":[],"product_cat":[80,58],"product_tag":[],"class_list":{"0":"post-1571","1":"product","2":"type-product","3":"status-publish","4":"has-post-thumbnail","6":"product_cat-bombones","7":"product_cat-sin-categoria","9":"first","10":"instock","11":"taxable","12":"shipping-taxable","13":"purchasable","14":"product-type-simple"},"_links":{"self":[{"href":"https:\/\/torronsgarciasirvent.es\/es\/wp-json\/wp\/v2\/product\/1571","targetHints":{"allow":["GET"]}}],"collection":[{"href":"https:\/\/torronsgarciasirvent.es\/es\/wp-json\/wp\/v2\/product"}],"about":[{"href":"https:\/\/torronsgarciasirvent.es\/es\/wp-json\/wp\/v2\/types\/product"}],"version-history":[{"count":0,"href":"https:\/\/torronsgarciasirvent.es\/es\/wp-json\/wp\/v2\/product\/1571\/revisions"}],"wp:featuredmedia":[{"embeddable":true,"href":"https:\/\/torronsgarciasirvent.es\/es\/wp-json\/wp\/v2\/media\/203"}],"wp:attachment":[{"href":"https:\/\/torronsgarciasirvent.es\/es\/wp-json\/wp\/v2\/media?parent=1571"}],"wp:term":[{"taxonomy":"product_brand","embeddable":true,"href":"https:\/\/torronsgarciasirvent.es\/es\/wp-json\/wp\/v2\/product_brand?post=1571"},{"taxonomy":"product_cat","embeddable":true,"href":"https:\/\/torronsgarciasirvent.es\/es\/wp-json\/wp\/v2\/product_cat?post=1571"},{"taxonomy":"product_tag","embeddable":true,"href":"https:\/\/torronsgarciasirvent.es\/es\/wp-json\/wp\/v2\/product_tag?post=1571"}],"curies":[{"name":"wp","href":"https:\/\/api.w.org\/{rel}","templated":true}]}}