{"id":1572,"date":"2024-09-27T10:40:20","date_gmt":"2024-09-27T09:40:20","guid":{"rendered":"https:\/\/torronsgarciasirvent.es\/fruta-glaseada\/"},"modified":"2024-09-27T10:40:20","modified_gmt":"2024-09-27T09:40:20","slug":"fruta-glaseada","status":"publish","type":"product","link":"https:\/\/torronsgarciasirvent.es\/es\/producto\/fruta-glaseada\/","title":{"rendered":"Fruta glaseada"},"content":{"rendered":"<p><strong>Calabaza verde confitada:<\/strong><\/p>\n<p>Calabaza, az\u00facar, jarabe de glucosa, antioxidante (E-330), conservante (E-202, E-211) y colorante (E-100 y E131). Contiene <strong>SULFITOS<\/strong>. <strong>SIN GLUTEN<\/strong>. Conservar en lugar fresco y seco (T\u00aa&lt;25\u00baC\/50%RH) <\/p>\n<p>&nbsp;<\/p>\n<p><strong>Calabaza blanca confitada:<\/strong><\/p>\n<p>Calabaza, az\u00facar, jarabe de glucosa, antioxidante (E-330), conservante (E-202, E-211). Contiene <strong>SULFITOS<\/strong>. <strong>SIN GLUTEN<\/strong>. Conservar en lugar fresco y seco (T\u00aa&lt;25\u00baC\/50%RH) <\/p>\n<p>&nbsp;<\/p>\n<p><strong>Naranja entera confitada:<\/strong><\/p>\n<p>Naranja, az\u00facar, jarabe de glucosa, antioxidante (E-330) y conservante (E-202, E-211). Contiene <strong>SULFITOS<\/strong>. <strong>SIN GLUTEN<\/strong>. Conservar en lugar fresco y seco (T\u00aa&lt;25\u00baC\/50%RH) <\/p>\n<p>&nbsp;<\/p>\n<p><strong>Pera confitada:<\/strong><\/p>\n<p>Pera, az\u00facar, jarabe de glucosa, antioxidante (E-330), conservante (E-202, E-211) y aroma. Contiene <strong>SULFITOS<\/strong>. <strong>SIN GLUTEN<\/strong>. Conservar en lugar fresco y seco (T\u00aa&lt;25\u00baC\/50%RH) <\/p>\n<p>&nbsp;<\/p>\n<p><strong>Mandarina confitada:<\/strong><\/p>\n<p>Marndarina, xarop de glucosa i fructosa, sucre, antioxidant (\u00e0cid c\u00edtric) i conservant (E-202). Cont\u00e9 <strong>SULFITS<\/strong>. <strong>SENSE GLUTEN<\/strong>. Conservar en un lloc fresc i sec (T\u00aa&lt;25\u00baC\/50%RH) <\/p>\n<p>&nbsp;<\/p>\n<p><strong>Cereza roja confitada:<\/strong><\/p>\n<p>Cereza, az\u00facar, jarabe de glucosa, antioxidante (E-330), conservante (E-202, E-211). Contiene <strong>SULFITOS<\/strong>. <strong>SIN GLUTEN<\/strong>. Conservar en lugar fresco y seco (T\u00aa&lt;25\u00baC\/50%RH) <\/p>\n","protected":false},"excerpt":{"rendered":"<p>Descubre todas nuestras frutas glaseadas, tenemos una gran variedad donde elegir. Todos nuestros productos se sirven a granel excepto la naranja entera que la vendemos por unidades. <\/p>\n","protected":false},"featured_media":199,"template":"","meta":[],"product_brand":[],"product_cat":[80,58,79],"product_tag":[],"class_list":{"0":"post-1572","1":"product","2":"type-product","3":"status-publish","4":"has-post-thumbnail","6":"product_cat-bombones","7":"product_cat-sin-categoria","8":"product_cat-vegano","10":"first","11":"instock","12":"taxable","13":"shipping-taxable","14":"purchasable","15":"product-type-simple"},"_links":{"self":[{"href":"https:\/\/torronsgarciasirvent.es\/es\/wp-json\/wp\/v2\/product\/1572","targetHints":{"allow":["GET"]}}],"collection":[{"href":"https:\/\/torronsgarciasirvent.es\/es\/wp-json\/wp\/v2\/product"}],"about":[{"href":"https:\/\/torronsgarciasirvent.es\/es\/wp-json\/wp\/v2\/types\/product"}],"version-history":[{"count":0,"href":"https:\/\/torronsgarciasirvent.es\/es\/wp-json\/wp\/v2\/product\/1572\/revisions"}],"wp:featuredmedia":[{"embeddable":true,"href":"https:\/\/torronsgarciasirvent.es\/es\/wp-json\/wp\/v2\/media\/199"}],"wp:attachment":[{"href":"https:\/\/torronsgarciasirvent.es\/es\/wp-json\/wp\/v2\/media?parent=1572"}],"wp:term":[{"taxonomy":"product_brand","embeddable":true,"href":"https:\/\/torronsgarciasirvent.es\/es\/wp-json\/wp\/v2\/product_brand?post=1572"},{"taxonomy":"product_cat","embeddable":true,"href":"https:\/\/torronsgarciasirvent.es\/es\/wp-json\/wp\/v2\/product_cat?post=1572"},{"taxonomy":"product_tag","embeddable":true,"href":"https:\/\/torronsgarciasirvent.es\/es\/wp-json\/wp\/v2\/product_tag?post=1572"}],"curies":[{"name":"wp","href":"https:\/\/api.w.org\/{rel}","templated":true}]}}