{"id":1577,"date":"2024-09-27T09:36:10","date_gmt":"2024-09-27T08:36:10","guid":{"rendered":"https:\/\/torronsgarciasirvent.es\/tocinillos-de-mazapan-y-fruta\/"},"modified":"2024-09-27T09:36:10","modified_gmt":"2024-09-27T08:36:10","slug":"tocinillos-de-mazapan-y-fruta","status":"publish","type":"product","link":"https:\/\/torronsgarciasirvent.es\/es\/producto\/tocinillos-de-mazapan-y-fruta\/","title":{"rendered":"Tocinillos de mazap\u00e1n y fruta"},"content":{"rendered":"<p>50% Massapa (<strong>ALMENDRA<\/strong> (60%), az\u00facar, glucosa y conservante (E-200)), patata confitada (moniato, az\u00facar, jarabe de glucosa, conservantes (E-200 y E-202) y aroma), yema confitada ( yema de <strong>HUEVO<\/strong>, az\u00facar, jarabe de glucosa, conservante (E-200),estabilizador (E-466) y acidulante (E-330)), fruta confitada ((carabaza\/fruta (<strong>SULFITOS<\/strong>), jarabe de glucosa-fructosa, az\u00facar, antioxidante (E-330) y conservador (E-202), colorante (E -120, E-100, E-133 y E-141)), colorante (E160a), alb\u00famina de <strong>HUEVO<\/strong>, grano de caf\u00e9.   <strong>SOJA Y LACTOSA. SIN GLUTEN  <\/strong><em>Conservar en lugar fresco y seco. (T\u00aa&lt;25 \u00bac \/ 50%RH) <\/em><\/p>\n<p>\u201cContiene adornos no alimenticios. <em>Tenga precauci\u00f3n y mant\u00e9ngalo fuera del alcance de los ni\u00f1os\u201d<\/em><\/p>\n","protected":false},"excerpt":{"rendered":"<p>Masa de mazap\u00e1n rellena de yema, boniato y fruta glaseada. SIN GLUTEN<\/p>\n","protected":false},"featured_media":181,"template":"","meta":[],"product_brand":[],"product_cat":[67,58],"product_tag":[],"class_list":{"0":"post-1577","1":"product","2":"type-product","3":"status-publish","4":"has-post-thumbnail","6":"product_cat-mazapan","7":"product_cat-sin-categoria","9":"first","10":"outofstock","11":"taxable","12":"shipping-taxable","13":"purchasable","14":"product-type-simple"},"_links":{"self":[{"href":"https:\/\/torronsgarciasirvent.es\/es\/wp-json\/wp\/v2\/product\/1577","targetHints":{"allow":["GET"]}}],"collection":[{"href":"https:\/\/torronsgarciasirvent.es\/es\/wp-json\/wp\/v2\/product"}],"about":[{"href":"https:\/\/torronsgarciasirvent.es\/es\/wp-json\/wp\/v2\/types\/product"}],"version-history":[{"count":0,"href":"https:\/\/torronsgarciasirvent.es\/es\/wp-json\/wp\/v2\/product\/1577\/revisions"}],"wp:featuredmedia":[{"embeddable":true,"href":"https:\/\/torronsgarciasirvent.es\/es\/wp-json\/wp\/v2\/media\/181"}],"wp:attachment":[{"href":"https:\/\/torronsgarciasirvent.es\/es\/wp-json\/wp\/v2\/media?parent=1577"}],"wp:term":[{"taxonomy":"product_brand","embeddable":true,"href":"https:\/\/torronsgarciasirvent.es\/es\/wp-json\/wp\/v2\/product_brand?post=1577"},{"taxonomy":"product_cat","embeddable":true,"href":"https:\/\/torronsgarciasirvent.es\/es\/wp-json\/wp\/v2\/product_cat?post=1577"},{"taxonomy":"product_tag","embeddable":true,"href":"https:\/\/torronsgarciasirvent.es\/es\/wp-json\/wp\/v2\/product_tag?post=1577"}],"curies":[{"name":"wp","href":"https:\/\/api.w.org\/{rel}","templated":true}]}}