{"id":1581,"date":"2024-09-27T09:35:07","date_gmt":"2024-09-27T08:35:07","guid":{"rendered":"https:\/\/torronsgarciasirvent.es\/panecillo-de-chocolate-y-naranja\/"},"modified":"2025-06-03T15:31:56","modified_gmt":"2025-06-03T14:31:56","slug":"panecillo-de-chocolate-y-naranja","status":"publish","type":"product","link":"https:\/\/torronsgarciasirvent.es\/es\/producto\/panecillo-de-chocolate-y-naranja\/","title":{"rendered":"Panecillo de chocolate y naranja"},"content":{"rendered":"<p>Ingredientes: 50% Massapa (<strong>ALMENDRA<\/strong> (60%),az\u00facar, glucosa y conservante (E200)), piel de naranja y calabaza blanca glaseada (piel de naranja o calabaza <strong>(SULFITOS)<\/strong>, jarabe de glucosa-fructosa, az\u00facar, antioxido ) y conservador (E-202)), crema de chocolate (az\u00facar, grasa vegetal (palma, girasol), cacao desengrasado en polvo, almid\u00f3n, emulgente (lecitina de <strong>SOJA<\/strong>), pasta de <strong>AVELLANA,<\/strong> aroma y vainillina), colorante (E160a), alb\u00famina de <strong>HUEVO<\/strong>, oblea de patata, cobertura de chocolate (pasta de cacao, az\u00facar, mantequilla de cacao, aroma de vainilla) y trazas de almid\u00f3n de ma\u00edz. Puede contener trazas de  <strong>LACTOSA. SIN GLUTEN <\/strong><\/p>\n","protected":false},"excerpt":{"rendered":"<p>Masa de mazap\u00e1n rellena de crema de chocolate y naranja glaseada. SIN GLUTEN <\/p>\n","protected":false},"featured_media":179,"template":"","meta":[],"product_brand":[],"product_cat":[67,58],"product_tag":[],"class_list":{"0":"post-1581","1":"product","2":"type-product","3":"status-publish","4":"has-post-thumbnail","6":"product_cat-mazapan","7":"product_cat-sin-categoria","9":"first","10":"outofstock","11":"taxable","12":"shipping-taxable","13":"purchasable","14":"product-type-simple"},"_links":{"self":[{"href":"https:\/\/torronsgarciasirvent.es\/es\/wp-json\/wp\/v2\/product\/1581","targetHints":{"allow":["GET"]}}],"collection":[{"href":"https:\/\/torronsgarciasirvent.es\/es\/wp-json\/wp\/v2\/product"}],"about":[{"href":"https:\/\/torronsgarciasirvent.es\/es\/wp-json\/wp\/v2\/types\/product"}],"version-history":[{"count":1,"href":"https:\/\/torronsgarciasirvent.es\/es\/wp-json\/wp\/v2\/product\/1581\/revisions"}],"predecessor-version":[{"id":1921,"href":"https:\/\/torronsgarciasirvent.es\/es\/wp-json\/wp\/v2\/product\/1581\/revisions\/1921"}],"wp:featuredmedia":[{"embeddable":true,"href":"https:\/\/torronsgarciasirvent.es\/es\/wp-json\/wp\/v2\/media\/179"}],"wp:attachment":[{"href":"https:\/\/torronsgarciasirvent.es\/es\/wp-json\/wp\/v2\/media?parent=1581"}],"wp:term":[{"taxonomy":"product_brand","embeddable":true,"href":"https:\/\/torronsgarciasirvent.es\/es\/wp-json\/wp\/v2\/product_brand?post=1581"},{"taxonomy":"product_cat","embeddable":true,"href":"https:\/\/torronsgarciasirvent.es\/es\/wp-json\/wp\/v2\/product_cat?post=1581"},{"taxonomy":"product_tag","embeddable":true,"href":"https:\/\/torronsgarciasirvent.es\/es\/wp-json\/wp\/v2\/product_tag?post=1581"}],"curies":[{"name":"wp","href":"https:\/\/api.w.org\/{rel}","templated":true}]}}