{"id":1916,"date":"2024-09-27T09:29:20","date_gmt":"2024-09-27T08:29:20","guid":{"rendered":"https:\/\/torronsgarciasirvent.es\/polvoron-sin-azucar-anadido\/"},"modified":"2024-09-27T09:29:20","modified_gmt":"2024-09-27T08:29:20","slug":"polvoron-sin-azucar-anadido","status":"publish","type":"product","link":"https:\/\/torronsgarciasirvent.es\/es\/producto\/polvoron-sin-azucar-anadido\/","title":{"rendered":"Polvor\u00f3n sin az\u00facar a\u00f1adido"},"content":{"rendered":"<p>30%<strong> ALMENDRA<\/strong> marcona, <strong>HARINA de TRIGO<\/strong>, edulcorante (maltitol), manteca (manteca de cerdo refinada y antioxidantes E304, E306 y E310), canela y piel de lim\u00f3n natural.<\/p>\n<p>Puede contener trazas de <strong>CACAUET, otros FRUTOS CON CARRERA, SOJA, HUEVO, LACTOSA.<\/strong><\/p>\n<p>Sin conservantes ni aditivos.<\/p>\n<p>Un consumo excesivo puede producir efectos laxantes.<\/p>\n<p>Conservar en lugar fresco y seco. (T\u00aa&lt;25 \u00bac \/ 50%RH)<\/p>\n","protected":false},"excerpt":{"rendered":"<p>Demasiada obtenida de amasar harina de ALMENDRA marcona, HARINA de TRIGO, maltitol, manteca, canela y piel de lim\u00f3n natural.<\/p>\n","protected":false},"featured_media":173,"template":"","meta":[],"product_brand":[],"product_cat":[59,83],"product_tag":[],"class_list":{"0":"post-1916","1":"product","2":"type-product","3":"status-publish","4":"has-post-thumbnail","6":"product_cat-polvorones","7":"product_cat-sin-azucar","9":"first","10":"instock","11":"taxable","12":"shipping-taxable","13":"purchasable","14":"product-type-simple"},"_links":{"self":[{"href":"https:\/\/torronsgarciasirvent.es\/es\/wp-json\/wp\/v2\/product\/1916","targetHints":{"allow":["GET"]}}],"collection":[{"href":"https:\/\/torronsgarciasirvent.es\/es\/wp-json\/wp\/v2\/product"}],"about":[{"href":"https:\/\/torronsgarciasirvent.es\/es\/wp-json\/wp\/v2\/types\/product"}],"version-history":[{"count":0,"href":"https:\/\/torronsgarciasirvent.es\/es\/wp-json\/wp\/v2\/product\/1916\/revisions"}],"wp:featuredmedia":[{"embeddable":true,"href":"https:\/\/torronsgarciasirvent.es\/es\/wp-json\/wp\/v2\/media\/173"}],"wp:attachment":[{"href":"https:\/\/torronsgarciasirvent.es\/es\/wp-json\/wp\/v2\/media?parent=1916"}],"wp:term":[{"taxonomy":"product_brand","embeddable":true,"href":"https:\/\/torronsgarciasirvent.es\/es\/wp-json\/wp\/v2\/product_brand?post=1916"},{"taxonomy":"product_cat","embeddable":true,"href":"https:\/\/torronsgarciasirvent.es\/es\/wp-json\/wp\/v2\/product_cat?post=1916"},{"taxonomy":"product_tag","embeddable":true,"href":"https:\/\/torronsgarciasirvent.es\/es\/wp-json\/wp\/v2\/product_tag?post=1916"}],"curies":[{"name":"wp","href":"https:\/\/api.w.org\/{rel}","templated":true}]}}