{"id":1920,"date":"2024-09-27T09:32:23","date_gmt":"2024-09-27T08:32:23","guid":{"rendered":"https:\/\/torronsgarciasirvent.es\/polvoron-sin-gluten\/"},"modified":"2024-09-27T09:32:23","modified_gmt":"2024-09-27T08:32:23","slug":"polvoron-sin-gluten","status":"publish","type":"product","link":"https:\/\/torronsgarciasirvent.es\/es\/producto\/polvoron-sin-gluten\/","title":{"rendered":"Polvor\u00f3n sin gluten"},"content":{"rendered":"<p><strong>ALMENDRA<\/strong> marcona (40%), almid\u00f3n de ma\u00edz, az\u00facar, manteca (manteca de cerdo refinada y antioxidantes E304, E306 y E310), canela y piel de lim\u00f3n natural, yema confitada (yema de <strong>HUEVO<\/strong>, az\u00facar, jarabe de glucosa, \u00e1cido s\u00f3rdico y acidulante (\u00e1cido c\u00edtrico)), canela y piel de lim\u00f3n natural. Puede contener trazas de <strong>CACAUET y otros FRUTOS CON COSCA, SOJA o LACTOSA.<\/strong> <\/p>\n<p>Sin conservantes ni colorantes ni aditivos<\/p>\n<p>Conservar en lugar fresco y seco. (T\u00aa&lt;25 \u00bac \/ 50%RH)<\/p>\n","protected":false},"excerpt":{"rendered":"<p>Polvorones sin gluten aptos para cel\u00edacos: Demasiada obtenida de amasar harina de ALMENDRA marcona, almid\u00f3n de ma\u00edz, yema de HUEVO confitado, az\u00facar, manteca, canela y piel de lim\u00f3n natural. SIN GLUTEN <\/p>\n","protected":false},"featured_media":175,"template":"","meta":[],"product_brand":[],"product_cat":[59,58],"product_tag":[],"class_list":{"0":"post-1920","1":"product","2":"type-product","3":"status-publish","4":"has-post-thumbnail","6":"product_cat-polvorones","7":"product_cat-sin-categoria","9":"first","10":"outofstock","11":"taxable","12":"shipping-taxable","13":"purchasable","14":"product-type-simple"},"_links":{"self":[{"href":"https:\/\/torronsgarciasirvent.es\/es\/wp-json\/wp\/v2\/product\/1920","targetHints":{"allow":["GET"]}}],"collection":[{"href":"https:\/\/torronsgarciasirvent.es\/es\/wp-json\/wp\/v2\/product"}],"about":[{"href":"https:\/\/torronsgarciasirvent.es\/es\/wp-json\/wp\/v2\/types\/product"}],"version-history":[{"count":0,"href":"https:\/\/torronsgarciasirvent.es\/es\/wp-json\/wp\/v2\/product\/1920\/revisions"}],"wp:featuredmedia":[{"embeddable":true,"href":"https:\/\/torronsgarciasirvent.es\/es\/wp-json\/wp\/v2\/media\/175"}],"wp:attachment":[{"href":"https:\/\/torronsgarciasirvent.es\/es\/wp-json\/wp\/v2\/media?parent=1920"}],"wp:term":[{"taxonomy":"product_brand","embeddable":true,"href":"https:\/\/torronsgarciasirvent.es\/es\/wp-json\/wp\/v2\/product_brand?post=1920"},{"taxonomy":"product_cat","embeddable":true,"href":"https:\/\/torronsgarciasirvent.es\/es\/wp-json\/wp\/v2\/product_cat?post=1920"},{"taxonomy":"product_tag","embeddable":true,"href":"https:\/\/torronsgarciasirvent.es\/es\/wp-json\/wp\/v2\/product_tag?post=1920"}],"curies":[{"name":"wp","href":"https:\/\/api.w.org\/{rel}","templated":true}]}}