{"id":1922,"date":"2024-10-23T15:21:22","date_gmt":"2024-10-23T14:21:22","guid":{"rendered":"https:\/\/torronsgarciasirvent.es\/turron-artesano-de-alicante\/"},"modified":"2024-10-23T15:21:22","modified_gmt":"2024-10-23T14:21:22","slug":"turron-artesano-de-alicante","status":"publish","type":"product","link":"https:\/\/torronsgarciasirvent.es\/es\/producto\/turron-artesano-de-alicante\/","title":{"rendered":"Turr\u00f3n artesano de Alicante"},"content":{"rendered":"<p><span style=\"font-weight: 400;\">A pesar de su dureza, es f\u00e1cil de masticar gracias a la cantidad de almendra tostada y al crujiente de la miel. En nuestro turr\u00f3n de Alicante destaca la calidad de la almendra marcona y la miel de naranjo.  <\/span><span style=\"font-weight: 400;\"><br \/>\n<\/span><span style=\"font-weight: 400;\">Sin gluten ni lactosa<\/span><\/p>\n","protected":false},"excerpt":{"rendered":"<p>Pese a su dureza, es f\u00e1cil de masticar gracias a la cantidad de almendra tostada y al crujiente de la miel. En nuestro turr\u00f3n de Alicante destaca la calidad de la almendra marcona y la miel de naranjo. Tambi\u00e9n contiene una cantidad m\u00edmina de az\u00facar y clara de huevo para hornear la miel.<br \/>\nSin gluten ni lactosa.  <\/p>\n","protected":false},"featured_media":870,"template":"","meta":[],"product_brand":[],"product_cat":[58,57],"product_tag":[82],"class_list":{"0":"post-1922","1":"product","2":"type-product","3":"status-publish","4":"has-post-thumbnail","6":"product_cat-sin-categoria","7":"product_cat-turrones","8":"product_tag-xixona_es","10":"first","11":"instock","12":"featured","13":"taxable","14":"shipping-taxable","15":"purchasable","16":"product-type-variable"},"_links":{"self":[{"href":"https:\/\/torronsgarciasirvent.es\/es\/wp-json\/wp\/v2\/product\/1922","targetHints":{"allow":["GET"]}}],"collection":[{"href":"https:\/\/torronsgarciasirvent.es\/es\/wp-json\/wp\/v2\/product"}],"about":[{"href":"https:\/\/torronsgarciasirvent.es\/es\/wp-json\/wp\/v2\/types\/product"}],"version-history":[{"count":0,"href":"https:\/\/torronsgarciasirvent.es\/es\/wp-json\/wp\/v2\/product\/1922\/revisions"}],"wp:featuredmedia":[{"embeddable":true,"href":"https:\/\/torronsgarciasirvent.es\/es\/wp-json\/wp\/v2\/media\/870"}],"wp:attachment":[{"href":"https:\/\/torronsgarciasirvent.es\/es\/wp-json\/wp\/v2\/media?parent=1922"}],"wp:term":[{"taxonomy":"product_brand","embeddable":true,"href":"https:\/\/torronsgarciasirvent.es\/es\/wp-json\/wp\/v2\/product_brand?post=1922"},{"taxonomy":"product_cat","embeddable":true,"href":"https:\/\/torronsgarciasirvent.es\/es\/wp-json\/wp\/v2\/product_cat?post=1922"},{"taxonomy":"product_tag","embeddable":true,"href":"https:\/\/torronsgarciasirvent.es\/es\/wp-json\/wp\/v2\/product_tag?post=1922"}],"curies":[{"name":"wp","href":"https:\/\/api.w.org\/{rel}","templated":true}]}}