{"id":1967,"date":"2025-11-30T13:44:34","date_gmt":"2025-11-30T12:44:34","guid":{"rendered":"https:\/\/torronsgarciasirvent.es\/?post_type=product&#038;p=1967"},"modified":"2026-04-28T18:35:44","modified_gmt":"2026-04-28T17:35:44","slug":"bombons-farcits-de-torro-de-xixona","status":"publish","type":"product","link":"https:\/\/torronsgarciasirvent.es\/es\/producto\/bombons-farcits-de-torro-de-xixona\/","title":{"rendered":"BOMBONS FARCITS DE TORR\u00d3 ARTES\u00c0 DE XIXONA"},"content":{"rendered":"<p>Bombons farcits del nostre torr\u00f3 artes\u00e0 de Xixona banyats amb xocolata<\/p>\n<p>&nbsp;<\/p>\n","protected":false},"excerpt":{"rendered":"<p>Bombons farcits del nostre torr\u00f3 artes\u00e0 de Xixona banyats amb xocolata<\/p>\n","protected":false},"featured_media":1968,"template":"","meta":[],"product_brand":[],"product_cat":[25,75,46],"product_tag":[],"class_list":{"0":"post-1967","1":"product","2":"type-product","3":"status-publish","4":"has-post-thumbnail","6":"product_cat-torrons","7":"product_cat-bombons","8":"product_cat-sense-gluten","10":"first","11":"instock","12":"taxable","13":"shipping-taxable","14":"purchasable","15":"product-type-simple"},"_links":{"self":[{"href":"https:\/\/torronsgarciasirvent.es\/es\/wp-json\/wp\/v2\/product\/1967","targetHints":{"allow":["GET"]}}],"collection":[{"href":"https:\/\/torronsgarciasirvent.es\/es\/wp-json\/wp\/v2\/product"}],"about":[{"href":"https:\/\/torronsgarciasirvent.es\/es\/wp-json\/wp\/v2\/types\/product"}],"version-history":[{"count":6,"href":"https:\/\/torronsgarciasirvent.es\/es\/wp-json\/wp\/v2\/product\/1967\/revisions"}],"predecessor-version":[{"id":2053,"href":"https:\/\/torronsgarciasirvent.es\/es\/wp-json\/wp\/v2\/product\/1967\/revisions\/2053"}],"wp:featuredmedia":[{"embeddable":true,"href":"https:\/\/torronsgarciasirvent.es\/es\/wp-json\/wp\/v2\/media\/1968"}],"wp:attachment":[{"href":"https:\/\/torronsgarciasirvent.es\/es\/wp-json\/wp\/v2\/media?parent=1967"}],"wp:term":[{"taxonomy":"product_brand","embeddable":true,"href":"https:\/\/torronsgarciasirvent.es\/es\/wp-json\/wp\/v2\/product_brand?post=1967"},{"taxonomy":"product_cat","embeddable":true,"href":"https:\/\/torronsgarciasirvent.es\/es\/wp-json\/wp\/v2\/product_cat?post=1967"},{"taxonomy":"product_tag","embeddable":true,"href":"https:\/\/torronsgarciasirvent.es\/es\/wp-json\/wp\/v2\/product_tag?post=1967"}],"curies":[{"name":"wp","href":"https:\/\/api.w.org\/{rel}","templated":true}]}}