{"id":1992,"date":"2024-02-04T20:07:52","date_gmt":"2024-02-04T19:07:52","guid":{"rendered":"https:\/\/torronsgarciasirvent.es\/?post_type=product&#038;p=1992"},"modified":"2026-03-06T16:22:53","modified_gmt":"2026-03-06T15:22:53","slug":"carquinyolis-argemi","status":"publish","type":"product","link":"https:\/\/torronsgarciasirvent.es\/es\/producto\/carquinyolis-argemi\/","title":{"rendered":"Carquinyolis Argem\u00ed"},"content":{"rendered":"<p>INGREDIENTS:<\/p>\n<p>FARINA DE BLAT, AMETLLES, sucre, OUS i aroma natural.<\/p>\n<p>&nbsp;<\/p>\n<p>Conservar en un lloc fresc i sec<\/p>\n<p>&nbsp;<\/p>\n","protected":false},"excerpt":{"rendered":"<p>Carquinyolis artesans aut\u00e8ntics de la m\u00e0 de la casa Argem\u00ed de Sant Quint\u00ed de Mediona<\/p>\n","protected":false},"featured_media":1996,"template":"","meta":[],"product_brand":[],"product_cat":[84],"product_tag":[],"class_list":{"0":"post-1992","1":"product","2":"type-product","3":"status-publish","4":"has-post-thumbnail","6":"product_cat-galetes","8":"first","9":"instock","10":"taxable","11":"shipping-taxable","12":"purchasable","13":"product-type-simple"},"_links":{"self":[{"href":"https:\/\/torronsgarciasirvent.es\/es\/wp-json\/wp\/v2\/product\/1992","targetHints":{"allow":["GET"]}}],"collection":[{"href":"https:\/\/torronsgarciasirvent.es\/es\/wp-json\/wp\/v2\/product"}],"about":[{"href":"https:\/\/torronsgarciasirvent.es\/es\/wp-json\/wp\/v2\/types\/product"}],"version-history":[{"count":4,"href":"https:\/\/torronsgarciasirvent.es\/es\/wp-json\/wp\/v2\/product\/1992\/revisions"}],"predecessor-version":[{"id":1998,"href":"https:\/\/torronsgarciasirvent.es\/es\/wp-json\/wp\/v2\/product\/1992\/revisions\/1998"}],"wp:featuredmedia":[{"embeddable":true,"href":"https:\/\/torronsgarciasirvent.es\/es\/wp-json\/wp\/v2\/media\/1996"}],"wp:attachment":[{"href":"https:\/\/torronsgarciasirvent.es\/es\/wp-json\/wp\/v2\/media?parent=1992"}],"wp:term":[{"taxonomy":"product_brand","embeddable":true,"href":"https:\/\/torronsgarciasirvent.es\/es\/wp-json\/wp\/v2\/product_brand?post=1992"},{"taxonomy":"product_cat","embeddable":true,"href":"https:\/\/torronsgarciasirvent.es\/es\/wp-json\/wp\/v2\/product_cat?post=1992"},{"taxonomy":"product_tag","embeddable":true,"href":"https:\/\/torronsgarciasirvent.es\/es\/wp-json\/wp\/v2\/product_tag?post=1992"}],"curies":[{"name":"wp","href":"https:\/\/api.w.org\/{rel}","templated":true}]}}