{"id":743,"date":"2024-10-23T15:11:57","date_gmt":"2024-10-23T14:11:57","guid":{"rendered":"https:\/\/torronsgarciasirvent.es\/?post_type=product&#038;p=743"},"modified":"2025-12-22T16:16:19","modified_gmt":"2025-12-22T15:16:19","slug":"torro-artesa-dalacant-encaixat","status":"publish","type":"product","link":"https:\/\/torronsgarciasirvent.es\/es\/producto\/torro-artesa-dalacant-encaixat\/","title":{"rendered":"Torr\u00f3 artes\u00e0 d&#8217;Alacant encaixat"},"content":{"rendered":"","protected":false},"excerpt":{"rendered":"<p>Tot i la seva duresa, \u00e9s f\u00e0cil de menjar gr\u00e0cies a la quantitat d&#8217;ametlla i al cruixent de la mel. En el nostre torr\u00f3 d&#8217;Alacant destaca la qualitat de l&#8217;ametlla marcona i la mel de taronger.<br \/>\nSense gluten ni lactosa.<\/p>\n","protected":false},"featured_media":865,"template":"","meta":[],"product_brand":[],"product_cat":[46,25],"product_tag":[81],"class_list":{"0":"post-743","1":"product","2":"type-product","3":"status-publish","4":"has-post-thumbnail","6":"product_cat-sense-gluten","7":"product_cat-torrons","8":"product_tag-xixona","10":"first","11":"outofstock","12":"taxable","13":"shipping-taxable","14":"purchasable","15":"product-type-simple"},"_links":{"self":[{"href":"https:\/\/torronsgarciasirvent.es\/es\/wp-json\/wp\/v2\/product\/743","targetHints":{"allow":["GET"]}}],"collection":[{"href":"https:\/\/torronsgarciasirvent.es\/es\/wp-json\/wp\/v2\/product"}],"about":[{"href":"https:\/\/torronsgarciasirvent.es\/es\/wp-json\/wp\/v2\/types\/product"}],"version-history":[{"count":4,"href":"https:\/\/torronsgarciasirvent.es\/es\/wp-json\/wp\/v2\/product\/743\/revisions"}],"predecessor-version":[{"id":920,"href":"https:\/\/torronsgarciasirvent.es\/es\/wp-json\/wp\/v2\/product\/743\/revisions\/920"}],"wp:featuredmedia":[{"embeddable":true,"href":"https:\/\/torronsgarciasirvent.es\/es\/wp-json\/wp\/v2\/media\/865"}],"wp:attachment":[{"href":"https:\/\/torronsgarciasirvent.es\/es\/wp-json\/wp\/v2\/media?parent=743"}],"wp:term":[{"taxonomy":"product_brand","embeddable":true,"href":"https:\/\/torronsgarciasirvent.es\/es\/wp-json\/wp\/v2\/product_brand?post=743"},{"taxonomy":"product_cat","embeddable":true,"href":"https:\/\/torronsgarciasirvent.es\/es\/wp-json\/wp\/v2\/product_cat?post=743"},{"taxonomy":"product_tag","embeddable":true,"href":"https:\/\/torronsgarciasirvent.es\/es\/wp-json\/wp\/v2\/product_tag?post=743"}],"curies":[{"name":"wp","href":"https:\/\/api.w.org\/{rel}","templated":true}]}}