{"id":747,"date":"2024-10-23T15:12:47","date_gmt":"2024-10-23T14:12:47","guid":{"rendered":"https:\/\/torronsgarciasirvent.es\/?post_type=product&#038;p=747"},"modified":"2025-11-24T19:40:46","modified_gmt":"2025-11-24T18:40:46","slug":"torro-artesa-de-xocolata-encaixat","status":"publish","type":"product","link":"https:\/\/torronsgarciasirvent.es\/es\/producto\/torro-artesa-de-xocolata-encaixat\/","title":{"rendered":"Torr\u00f3 artes\u00e0 de Xocolata encaixat"},"content":{"rendered":"","protected":false},"excerpt":{"rendered":"<p>Torr\u00f3 Artes\u00e0 de Xocolata<br \/>\n\u00c9s una evoluci\u00f3 dels torrons tradicionals aconseguida combinant un cacau d&#8217;alt percentatge amb ametlles torrades de la millor qualitat. El nostre mestre xocolater li d\u00f3na un punt cruixent que el fa molt agradable.<br \/>\nSense gluten, t\u00e9 traces de lactosa.<\/p>\n","protected":false},"featured_media":890,"template":"","meta":[],"product_brand":[],"product_cat":[46,25,77],"product_tag":[],"class_list":{"0":"post-747","1":"product","2":"type-product","3":"status-publish","4":"has-post-thumbnail","6":"product_cat-sense-gluten","7":"product_cat-torrons","8":"product_cat-vega","10":"first","11":"instock","12":"taxable","13":"shipping-taxable","14":"purchasable","15":"product-type-simple"},"_links":{"self":[{"href":"https:\/\/torronsgarciasirvent.es\/es\/wp-json\/wp\/v2\/product\/747","targetHints":{"allow":["GET"]}}],"collection":[{"href":"https:\/\/torronsgarciasirvent.es\/es\/wp-json\/wp\/v2\/product"}],"about":[{"href":"https:\/\/torronsgarciasirvent.es\/es\/wp-json\/wp\/v2\/types\/product"}],"version-history":[{"count":1,"href":"https:\/\/torronsgarciasirvent.es\/es\/wp-json\/wp\/v2\/product\/747\/revisions"}],"predecessor-version":[{"id":748,"href":"https:\/\/torronsgarciasirvent.es\/es\/wp-json\/wp\/v2\/product\/747\/revisions\/748"}],"wp:featuredmedia":[{"embeddable":true,"href":"https:\/\/torronsgarciasirvent.es\/es\/wp-json\/wp\/v2\/media\/890"}],"wp:attachment":[{"href":"https:\/\/torronsgarciasirvent.es\/es\/wp-json\/wp\/v2\/media?parent=747"}],"wp:term":[{"taxonomy":"product_brand","embeddable":true,"href":"https:\/\/torronsgarciasirvent.es\/es\/wp-json\/wp\/v2\/product_brand?post=747"},{"taxonomy":"product_cat","embeddable":true,"href":"https:\/\/torronsgarciasirvent.es\/es\/wp-json\/wp\/v2\/product_cat?post=747"},{"taxonomy":"product_tag","embeddable":true,"href":"https:\/\/torronsgarciasirvent.es\/es\/wp-json\/wp\/v2\/product_tag?post=747"}],"curies":[{"name":"wp","href":"https:\/\/api.w.org\/{rel}","templated":true}]}}